{"id":1861,"date":"2015-01-15T14:34:28","date_gmt":"2015-01-15T14:34:28","guid":{"rendered":"http:\/\/ordinacijacvejanovic.com\/?page_id=1861"},"modified":"2020-03-04T07:31:05","modified_gmt":"2020-03-04T07:31:05","slug":"non-metal-dental-crowns","status":"publish","type":"page","link":"https:\/\/ordinacijacvejanovic.com\/en\/non-metal-dental-crowns\/","title":{"rendered":"Non metal crowns"},"content":{"rendered":"\n<!--<div class=\"col-xs-12\">\n<div class=\"white-box\">\n<div id=\"section\">\n<div class=\"article\">\n<p style=\"padding-top: 15px;\">Va\u017enost zubnih krunica za savremenu stomatologiju je izuzetna, jer bi bez krunica zubari mogli samo da le\u010de i popravlju zube, ili da ih kozmeti\u010dki doteruju, bez mogu\u0107nosti da se ponovo uspostave sve funkcije na mestima gde zubi nedostaju ili su veoma istro\u0161eni.<\/p>\n<div class=\"moretext\">\n<p>Zahvaljuju\u0107i zubnim krunicama mogu\u0107e je vratiti svaki zub u perfektno stanje, a krunice u kombinaciji sa implatima omogu\u0107avaju rehabilitaciju i za pacijente koji su potpuno bezubi, ili su na pragu da to postanu.<\/p>\n<p>Krunica zamenjuje spoljni deo zuba, onaj kojim se hrana \u017eva\u0107e i koji je vidljiv. Ako su zubi istro\u0161eni ali zdravi, u centru krunice ostaje prirodni zub, koji slu\u017ei kao oslonac krunici i za nju je vezan cementom. U slu\u010daju da zub nedostaje, funkciju upori\u0161ta za krunicu preuzima implant, koji menja koren, dok abatment, koji se postavlja na implant, ostvaruje direktan kontakt sa krunicom.<\/p>\n<p>Krunice mogu biti veoma tanke i postavljene preko zuba koji ima neugledan izgled ali sa\u010duvanu zubnu supstancu, ili mogu biti deblje i postavljene preko malog preostalog dela zuba, naj\u010de\u0161e u slu\u010dajevima kada je ve\u0107ina zuba stradala usled karijesa. Va\u017eno je napomenuti da je relativno mala preostala masa zuba dovoljna da ponese krunicu, te da je daleko va\u017enije u kakvom je stanju koren zuba. Veoma \u010desto, krunice se kombinuju sa fasetama ili mostovima, zavisno od toga da li je re\u010d o estetskom ili restaurativnom zahvatu.<\/p>\n<p>Zubne krunice razlikuju se po materijalima od kojih sa\u010dinjene, i, u manjoj meri, po na\u010dinu izrade. Sve krunice koje se koriste u savremenoj stomatologiji su kerami\u010dke ili metalokerami\u010dke, a razlika je u tome \u0161to su kerami\u010dke krunice sa\u010dinjene samo od keramike, dok metalokerami\u010dke imaju metalno jezgro, \u0161to ih \u010dini povoljnijim.<\/p>\n<p><a class=\"novosti_saznaj_vise vise-1\" style=\"margin-bottom: 5px; display: inline-block;\" href=\"\/primeri-ugradnje-zuba-slike-pre-i-posle-operacije\">Pogledajte na\u0161e radove &nbsp;&nbsp;<img decoding=\"async\" src=\"\/wp-content\/themes\/ordinacijacvejanovic\/img\/rec_strelica2.png\"><\/a><\/p>\n<\/div>\n<\/div>\n<div class=\"plus-full\"><a class=\"moreless-button\" href=\"#\">+<\/a><\/div>\n<\/div>\n<\/div>\n<\/div>\n-->\n<div class=\"col-xs-12 col-md-3\">\n<div class=\"inner_box_listanje\">\n<p><a href=\"\/non-metal-dental-crowns\/dental-crowns\/?lang=en\"><img decoding=\"async\" class=\"img-responsive aligncenter size-full wp-image-563 novosti_slika\" src=\"\/wp-content\/uploads\/2019\/03\/krunice-small-1.jpg\" alt=\"\"><\/a><\/p>\n<div class=\"inner_listanje_tekst\">\n<h3><a href=\"\/non-metal-dental-crowns\/dental-crowns\/?lang=en\">When do you need dental crowns?<\/a><\/h3>\n<div class=\"inner_opis\"><p>The importance of dental crowns in modern dentistry is immense, because without them we would only be able to treat and repair teeth, or to cosmetically touch them up, without restoring any functions to missing teeth gaps and highly worn teeth. Owing to dental crowns, today we can reconstruct each and every tooth and restore its perfect condition, and we can combine crowns with implants to even rehabilitate the completely toothless patients, or when they are on the threshold of becoming ones.<\/p>&nbsp;\n<\/div>\n<p><a class=\"novosti_saznaj_vise\" href=\"\/non-metal-dental-crowns\/dental-crowns\/?lang=en\">Find out more &nbsp;&nbsp;<img decoding=\"async\" src=\"\/wp-content\/themes\/ordinacijacvejanovic\/img\/rec_strelica2.png\"><\/a><\/p>\n<\/div>\n<\/div>\n<\/div>\n<div class=\"col-xs-12 col-md-3\">\n<div class=\"inner_box_listanje\"><a href=\"\/non-metal-dental-crowns\/types-dental-crowns\/\"><img decoding=\"async\" class=\"img-responsive aligncenter size-full wp-image-563 novosti_slika\" src=\"\/wp-content\/uploads\/2019\/03\/osmeh.jpg\" alt=\"\"><\/a>\n<div class=\"inner_listanje_tekst\">\n<h3><a href=\"\/non-metal-dental-crowns\/types-dental-crowns\/\">Types of dental crowns<\/a><\/h3>\n<div class=\"inner_opis\"><p>Dental crowns can be made metal or nonmetal. Metals used in the preparation of metal-ceramic dental crowns are chromium, molybdenum and palladium (nickel is abandoned due to allergic reactions). The name metal crowns is somewhat deceiving, because they only have a metal core, while the outer part is ceramic.<\/p><\/div>\n<p><a class=\"novosti_saznaj_vise\" href=\"\/non-metal-dental-crowns\/types-dental-crowns\/\">Find out more &nbsp;&nbsp;<img decoding=\"async\" src=\"\/wp-content\/themes\/ordinacijacvejanovic\/img\/rec_strelica2.png\"><\/a><\/p>\n<\/div>\n<\/div>\n<\/div>\n<div class=\"col-xs-12 col-md-3\">\n<div class=\"inner_box_listanje\">\n<p><a href=\"\/non-metal-dental-crowns\/implant-non-metal-dental-crowns\/?lang=en\"><img decoding=\"async\" class=\"img-responsive aligncenter size-full wp-image-563 novosti_slika\" src=\"\/wp-content\/uploads\/2020\/02\/proba-krunica.jpg\" alt=\"\"><\/a><\/p>\n<div class=\"inner_listanje_tekst\">\n<h3><a href=\"\/non-metal-dental-crowns\/implant-non-metal-dental-crowns\/?lang=en\">How to implant non metal dental crowns?<\/a><\/h3>\n<div class=\"inner_opis\">\n<p>The method for choosing crown appearance, as well as its fabrication and testing is identical regardless of whether it is placed over a natural tooth or over an implant; the only difference is in the process used to prepare a patient. On this page we will discuss the process of placing crowns on natural teeth, both for single crowns covering one tooth and a string of crowns comprising a bridge. You can read about the way crowns are placed on implants in the section dealing withimplants.<\/p>\n<\/div>\n<p><a class=\"novosti_saznaj_vise\" href=\"\/non-metal-dental-crowns\/implant-non-metal-dental-crowns\/?lang=en\">Find out more &nbsp;&nbsp;<img decoding=\"async\" src=\"\/wp-content\/themes\/ordinacijacvejanovic\/img\/rec_strelica2.png\"><\/a><\/p>\n<\/div>\n<\/div>\n<\/div>\n<div class=\"col-xs-12 col-md-3\">\n<div class=\"inner_box_listanje\">\n<p><a href=\"\/non-metal-dental-crowns\/dental-bridges\/?lang=en\"><img decoding=\"async\" class=\"img-responsive aligncenter size-full wp-image-563 novosti_slika\" src=\"\/wp-content\/uploads\/2020\/01\/zubni-mostovi.jpg\" alt=\"\"><\/a><\/p>\n<div class=\"inner_listanje_tekst\">\n<h3><a href=\"\/non-metal-dental-crowns\/dental-bridges\/?lang=en\">Dental bridges<\/a><\/h3>\n<div class=\"inner_opis\">\n<p>Dental porcelain bridges mean dental crowns that are interconnected and on either side rest on existing teeth in the jaw bone. To construct a bridge, it is necessary to grind adjacent teeth in order to serve as supports. It is necessary for the tooth supports to be stable in the jaw bone, without the presence of paradontopathy, in order to withstand the strain on the bridge.<\/p>\n<\/div>\n<p><a class=\"novosti_saznaj_vise\" href=\"\/non-metal-dental-crowns\/dental-bridges\/?lang=en\">Saznaj vi\u0161e &nbsp;&nbsp;<img decoding=\"async\" src=\"\/wp-content\/themes\/ordinacijacvejanovic\/img\/rec_strelica2.png\"><\/a><\/p>\n<\/div>\n<\/div>\n<\/div>\n<div class=\"col-xs-12 col-md-3\">\n<div class=\"inner_box_listanje\">\n<p><a href=\"\/non-metal-dental-crowns\/cerec-dental-crowns\/?lang=en\"><img decoding=\"async\" class=\"img-responsive aligncenter size-full wp-image-563 novosti_slika\" src=\"\/wp-content\/uploads\/2020\/01\/cerc.jpg\" alt=\"\"><\/a><\/p>\n<div class=\"inner_listanje_tekst\">\n<h3><a href=\"\/non-metal-dental-crowns\/cerec-dental-crowns\/?lang=en\">CEREC dental crowns<\/a><\/h3>\n<div class=\"inner_opis\">\n<p>One of the most pressing problems of dentistry is to eliminate long and unpleasant procedures that are keeping patient tied to a chair for hours. Making dental crowns is a part of interventions we do in dental practice Cvejanovic, and each patient has had to undergo a very unpleasant procedure of taking teeth print with plaster and then waiting a few days for the crowns.<\/p>\n<\/div>\n<p><a class=\"novosti_saznaj_vise\" href=\"\/non-metal-dental-crowns\/cerec-dental-crowns\/?lang=en\">Saznaj vi\u0161e &nbsp;&nbsp;<img decoding=\"async\" src=\"\/wp-content\/themes\/ordinacijacvejanovic\/img\/rec_strelica2.png\"><\/a><\/p>\n<\/div>\n<\/div>\n<\/div>\n<div class=\"clearfix\">&nbsp;<\/div>\n<div class=\"videos\">\n<div class=\"col-xs-12\">\n<h3 style=\"margin-top: 5px; padding: 10px; margin-bottom: 2px; background: #007097; color: #fff;\">Metal-free crowns are our radiums<\/h3>\n<\/div>\n<div class=\"col-md-3\"><iframe loading=\"lazy\" src=\"https:\/\/www.youtube.com\/embed\/RCMXDVPDYsw?list=PLE-9ZCOkssY3McVPjVN-HPUIgwCGih6QN\" width=\"100%\" height=\"100%\" frameborder=\"0\" allowfullscreen=\"allowfullscreen\"><\/iframe>\n<div class=\"galery-box\">\n<h4>ALL ON 6 &#8211; Fixed ceramic bridge on implants<\/h4>\n<\/div>\n<\/div>\n<div class=\"col-md-3\">\n<p><iframe loading=\"lazy\" src=\"https:\/\/www.youtube.com\/embed\/HQszyp85Y5s?list=PLE-9ZCOkssY3McVPjVN-HPUIgwCGih6QN\" width=\"100%\" height=\"100%\" frameborder=\"0\" allowfullscreen=\"allowfullscreen\"><\/iframe><\/p>\n<div class=\"galery-box\">\n<h4>ALL-ON-6 in the upper jaw and crowns in the lower jaw<\/h4>\n<\/div>\n<\/div>\n<div class=\"col-md-3\">\n<p><iframe loading=\"lazy\" src=\"https:\/\/www.youtube.com\/embed\/-9IS9_rF1WI?list=PLE-9ZCOkssY3McVPjVN-HPUIgwCGih6QN\" width=\"100%\" height=\"100%\" frameborder=\"0\" allowfullscreen=\"allowfullscreen\"><\/iframe><\/p>\n<div class=\"galery-box\">\n<h4>ALL ON 6 &#8211; Definitive ceramic work on sanding<\/h4>\n<\/div>\n<\/div>\n<div class=\"col-md-3\">\n<p><iframe loading=\"lazy\" src=\"https:\/\/www.youtube.com\/embed\/yePhrzYk53s?list=PLE-9ZCOkssY3McVPjVN-HPUIgwCGih6QN\" width=\"100%\" height=\"100%\" frameborder=\"0\" allowfullscreen=\"allowfullscreen\"><\/iframe><\/p>\n<div class=\"galery-box\">\n<h4>ALL ON 6 &#8211; re-making of ceramic work<\/h4>\n<\/div>\n<\/div>\n<div class=\"all-videos\"><a href=\"\/video-galerija-nasih-radova\/#hollywood-video\">All videos<\/a><\/div>\n<\/div>\n<div class=\"clearfix\">&nbsp;<\/div>\n<div style='text-align:center' class='yasr-auto-insert-visitor'><\/div>","protected":false},"excerpt":{"rendered":"<p>When do you need dental crowns? The importance of dental crowns in modern dentistry is immense, because without them we would only be able to treat and repair teeth, or to cosmetically touch them up, without restoring any functions to missing teeth gaps and highly worn teeth. Owing to dental crowns, today we can reconstruct [&hellip;]<\/p>\n","protected":false},"author":19,"featured_media":0,"parent":0,"menu_order":19,"comment_status":"closed","ping_status":"closed","template":"unutrasnje_stranice_sidebarless_listanje.php","meta":{"_acf_changed":false,"yasr_overall_rating":0,"yasr_post_is_review":"","yasr_auto_insert_disabled":"","yasr_review_type":"","footnotes":""},"class_list":["post-1861","page","type-page","status-publish","hentry"],"acf":[],"yoast_head":"<!-- This site is optimized with the Yoast SEO plugin v24.3 - https:\/\/yoast.com\/wordpress\/plugins\/seo\/ -->\n<title>Non metal crowns - Ordinacija Cvejanovic<\/title>\n<meta name=\"robots\" content=\"index, follow, max-snippet:-1, max-image-preview:large, max-video-preview:-1\" \/>\n<link rel=\"canonical\" href=\"https:\/\/ordinacijacvejanovic.com\/en\/non-metal-dental-crowns\/\" \/>\n<meta property=\"og:locale\" content=\"en_US\" \/>\n<meta property=\"og:type\" content=\"article\" \/>\n<meta property=\"og:title\" content=\"Non metal crowns - Ordinacija Cvejanovic\" \/>\n<meta property=\"og:description\" content=\"When do you need dental crowns? The importance of dental crowns in modern dentistry is immense, because without them we would only be able to treat and repair teeth, or to cosmetically touch them up, without restoring any functions to missing teeth gaps and highly worn teeth. Owing to dental crowns, today we can reconstruct [&hellip;]\" \/>\n<meta property=\"og:url\" content=\"https:\/\/ordinacijacvejanovic.com\/en\/non-metal-dental-crowns\/\" \/>\n<meta property=\"og:site_name\" content=\"Ordinacija Cvejanovic\" \/>\n<meta property=\"article:modified_time\" content=\"2020-03-04T07:31:05+00:00\" \/>\n<meta property=\"og:image\" content=\"https:\/\/ordinacijacvejanovic.com\/wp-content\/themes\/ordinacijacvejanovic\/img\/rec_strelica2.png\" \/>\n<meta name=\"twitter:label1\" content=\"Est. reading time\" \/>\n\t<meta name=\"twitter:data1\" content=\"2 minutes\" \/>\n<script type=\"application\/ld+json\" class=\"yoast-schema-graph\">{\"@context\":\"https:\/\/schema.org\",\"@graph\":[{\"@type\":\"WebPage\",\"@id\":\"https:\/\/ordinacijacvejanovic.com\/en\/non-metal-dental-crowns\/\",\"url\":\"https:\/\/ordinacijacvejanovic.com\/en\/non-metal-dental-crowns\/\",\"name\":\"Non metal crowns - Ordinacija Cvejanovic\",\"isPartOf\":{\"@id\":\"https:\/\/ordinacijacvejanovic.com\/#website\"},\"datePublished\":\"2015-01-15T14:34:28+00:00\",\"dateModified\":\"2020-03-04T07:31:05+00:00\",\"breadcrumb\":{\"@id\":\"https:\/\/ordinacijacvejanovic.com\/en\/non-metal-dental-crowns\/#breadcrumb\"},\"inLanguage\":\"en-US\",\"potentialAction\":[{\"@type\":\"ReadAction\",\"target\":[\"https:\/\/ordinacijacvejanovic.com\/en\/non-metal-dental-crowns\/\"]}]},{\"@type\":\"BreadcrumbList\",\"@id\":\"https:\/\/ordinacijacvejanovic.com\/en\/non-metal-dental-crowns\/#breadcrumb\",\"itemListElement\":[{\"@type\":\"ListItem\",\"position\":1,\"name\":\"Naslovna\",\"item\":\"https:\/\/ordinacijacvejanovic.com\/en\/\"},{\"@type\":\"ListItem\",\"position\":2,\"name\":\"Non metal crowns\"}]},{\"@type\":\"WebSite\",\"@id\":\"https:\/\/ordinacijacvejanovic.com\/#website\",\"url\":\"https:\/\/ordinacijacvejanovic.com\/\",\"name\":\"Ordinacija Cvejanovic\",\"description\":\"Stomatolo\u0161ka ordinacija Beograd\",\"potentialAction\":[{\"@type\":\"SearchAction\",\"target\":{\"@type\":\"EntryPoint\",\"urlTemplate\":\"https:\/\/ordinacijacvejanovic.com\/?s={search_term_string}\"},\"query-input\":{\"@type\":\"PropertyValueSpecification\",\"valueRequired\":true,\"valueName\":\"search_term_string\"}}],\"inLanguage\":\"en-US\"},false]}<\/script>\n<!-- \/ Yoast SEO plugin. -->","yoast_head_json":{"title":"Non metal crowns - Ordinacija Cvejanovic","robots":{"index":"index","follow":"follow","max-snippet":"max-snippet:-1","max-image-preview":"max-image-preview:large","max-video-preview":"max-video-preview:-1"},"canonical":"https:\/\/ordinacijacvejanovic.com\/en\/non-metal-dental-crowns\/","og_locale":"en_US","og_type":"article","og_title":"Non metal crowns - Ordinacija Cvejanovic","og_description":"When do you need dental crowns? The importance of dental crowns in modern dentistry is immense, because without them we would only be able to treat and repair teeth, or to cosmetically touch them up, without restoring any functions to missing teeth gaps and highly worn teeth. Owing to dental crowns, today we can reconstruct [&hellip;]","og_url":"https:\/\/ordinacijacvejanovic.com\/en\/non-metal-dental-crowns\/","og_site_name":"Ordinacija Cvejanovic","article_modified_time":"2020-03-04T07:31:05+00:00","og_image":[{"url":"https:\/\/ordinacijacvejanovic.com\/wp-content\/themes\/ordinacijacvejanovic\/img\/rec_strelica2.png","type":"","width":"","height":""}],"twitter_misc":{"Est. reading time":"2 minutes"},"schema":{"@context":"https:\/\/schema.org","@graph":[{"@type":"WebPage","@id":"https:\/\/ordinacijacvejanovic.com\/en\/non-metal-dental-crowns\/","url":"https:\/\/ordinacijacvejanovic.com\/en\/non-metal-dental-crowns\/","name":"Non metal crowns - Ordinacija Cvejanovic","isPartOf":{"@id":"https:\/\/ordinacijacvejanovic.com\/#website"},"datePublished":"2015-01-15T14:34:28+00:00","dateModified":"2020-03-04T07:31:05+00:00","breadcrumb":{"@id":"https:\/\/ordinacijacvejanovic.com\/en\/non-metal-dental-crowns\/#breadcrumb"},"inLanguage":"en-US","potentialAction":[{"@type":"ReadAction","target":["https:\/\/ordinacijacvejanovic.com\/en\/non-metal-dental-crowns\/"]}]},{"@type":"BreadcrumbList","@id":"https:\/\/ordinacijacvejanovic.com\/en\/non-metal-dental-crowns\/#breadcrumb","itemListElement":[{"@type":"ListItem","position":1,"name":"Naslovna","item":"https:\/\/ordinacijacvejanovic.com\/en\/"},{"@type":"ListItem","position":2,"name":"Non metal crowns"}]},{"@type":"WebSite","@id":"https:\/\/ordinacijacvejanovic.com\/#website","url":"https:\/\/ordinacijacvejanovic.com\/","name":"Ordinacija Cvejanovic","description":"Stomatolo\u0161ka ordinacija Beograd","potentialAction":[{"@type":"SearchAction","target":{"@type":"EntryPoint","urlTemplate":"https:\/\/ordinacijacvejanovic.com\/?s={search_term_string}"},"query-input":{"@type":"PropertyValueSpecification","valueRequired":true,"valueName":"search_term_string"}}],"inLanguage":"en-US"},false]}},"yasr_visitor_votes":{"stars_attributes":{"read_only":false,"span_bottom":false},"number_of_votes":94,"sum_votes":333},"_links":{"self":[{"href":"https:\/\/ordinacijacvejanovic.com\/en\/wp-json\/wp\/v2\/pages\/1861","targetHints":{"allow":["GET"]}}],"collection":[{"href":"https:\/\/ordinacijacvejanovic.com\/en\/wp-json\/wp\/v2\/pages"}],"about":[{"href":"https:\/\/ordinacijacvejanovic.com\/en\/wp-json\/wp\/v2\/types\/page"}],"author":[{"embeddable":true,"href":"https:\/\/ordinacijacvejanovic.com\/en\/wp-json\/wp\/v2\/users\/19"}],"replies":[{"embeddable":true,"href":"https:\/\/ordinacijacvejanovic.com\/en\/wp-json\/wp\/v2\/comments?post=1861"}],"version-history":[{"count":37,"href":"https:\/\/ordinacijacvejanovic.com\/en\/wp-json\/wp\/v2\/pages\/1861\/revisions"}],"predecessor-version":[{"id":10141,"href":"https:\/\/ordinacijacvejanovic.com\/en\/wp-json\/wp\/v2\/pages\/1861\/revisions\/10141"}],"wp:attachment":[{"href":"https:\/\/ordinacijacvejanovic.com\/en\/wp-json\/wp\/v2\/media?parent=1861"}],"curies":[{"name":"wp","href":"https:\/\/api.w.org\/{rel}","templated":true}]}}