{"id":1891,"date":"2015-01-15T15:08:38","date_gmt":"2015-01-15T15:08:38","guid":{"rendered":"http:\/\/ordinacijacvejanovic.com\/?page_id=1891"},"modified":"2020-01-23T11:17:26","modified_gmt":"2020-01-23T11:17:26","slug":"dental-braces","status":"publish","type":"page","link":"https:\/\/ordinacijacvejanovic.com\/en\/dental-braces\/","title":{"rendered":"Braces"},"content":{"rendered":"<p><!--\n\n\n<div class=\"col-xs-12\">\n\n\n<div class=\"white-box\">\n\n\n<div id=\"section\">\n\n\n<div class=\"article\">\n\n\n<p style=\"padding-top: 15px;\">No\u0161enje fiksne proteze je jedna od najboljih \u017eivotnih odluka, posebno u mladosti. Ve\u0107ini osoba potrebna je proteza u nekom periodu da bi imali potpuno poravnate zube, me\u0111utim u praksi samo pacijenti sa velikim nepravilnostima dolaze da dobiju protezu.<\/p>\n\n\n\n\n\n<div class=\"moretext\">\n\nTo je \u0161teta, jer zubna proteza mo\u017ee izuzetno brzo potpuno poravnati zube, pogotovu u ranom uzrastu. Ve\u0107ina na\u0161ih pacijenata su mladi koji su do\u0161li posle vi\u0161e godina premi\u0161ljanja, \u0161to govori o sve razvijenijoj svesti kod pacijenata, ali je i \u0161teta \u0161to ne dolaze jo\u0161 ranije. Roditelji obi\u010dno dovode decu da im se postavi mobilna proteza izme\u0111u 7. i 10. godine, me\u0111utim srednjo\u0161kolci i studenti su re\u0111e pacijenti, iako je to najbolje doba za no\u0161enje proteze.\n\nU ordinaciji Cvejanovi\u0107 ugra\u0111ujemo zubne proteze svih tipova, dok je cena proteze prilago\u0111ena naj\u0161irem mogu\u0107em krugu pacijenata. Najpopularnije su proteze sa bravicama u vi\u0161e boja, dok se odrasli pacijenti \u010de\u0161\u0107e odlu\u010duju za naprednije modele, kao \u0161to su proteze sa providnim bravicama i samoligiraju\u0107e proteze. U novije vreme sve se vi\u0161e tra\u017ee i folije za ispravljanje zuba, me\u0111utim one ne mogu pomo\u0107i svih pacijentima, odnosno ispraviti sve nedostatke. Cena zubne proteze je od 500 evra po vilici, uz mogu\u0107nost pla\u0107anja na rate.\n\n<a class=\"novosti_saznaj_vise vise-1\" style=\"margin-bottom: 5px; display: inline-block;\" href=\"\/primeri-ugradnje-zuba-slike-pre-i-posle-operacije\">Pogledajte na\u0161e radove \u00a0\u00a0<img decoding=\"async\" src=\"\/wp-content\/themes\/ordinacijacvejanovic\/img\/rec_strelica2.png\" \/><\/a>\n\n<\/div>\n\n\n<\/div>\n\n\n\n\n<div class=\"plus-full\"><a class=\"moreless-button\" href=\"#\">+<\/a><\/div>\n\n\n<\/div>\n\n\n<\/div>\n\n\n<\/div>\n\n\n--><\/p>\n<div class=\"col-xs-12 col-md-3\">\n<div class=\"inner_box_listanje\"><a href=\"\/dental-braces\/who-are-dental-braces-good-for\/?lang=en\"><img decoding=\"async\" class=\"img-responsive aligncenter size-full wp-image-563 novosti_slika\" src=\"\/wp-content\/uploads\/2019\/03\/proteze.jpg\" alt=\"\"><\/a>&nbsp;<\/p>\n<div class=\"inner_listanje_tekst\">\n<h3><a href=\"\/dental-braces\/who-are-dental-braces-good-for\/?lang=en\">Who are dental braces good for?<\/a><\/h3>\n<div class=\"inner_opis\">\n<p>Dental braces treatment is the most effective procedure found in dentistry, since it enables you to radically improve the condition of your teeth at a relatively low cost, but with a little bit of effort required. Braces are intended for both younger and older people, and they may be used as an integral part of other more complex treatments, since in most cases it becomes necessary to align teeth first before performing another procedure. Although most patients wear braces to improve their smile, they are also good at eliminating some of the more serious conditions, like an irregular bite, inclined position or jaws alignment.<\/p>\n<\/div>\n<p><a class=\"novosti_saznaj_vise\" href=\"\/dental-braces\/who-are-dental-braces-good-for\/?lang=en\">Saznaj vi\u0161e &nbsp;&nbsp;<img decoding=\"async\" src=\"\/wp-content\/themes\/ordinacijacvejanovic\/img\/rec_strelica2.png\"><\/a><\/p>\n<\/div>\n<\/div>\n<\/div>\n<div class=\"col-xs-12 col-md-3\">\n<div class=\"inner_box_listanje\"><a href=\"\/dental-braces\/clear-aligners\/?lang=en\"><img decoding=\"async\" class=\"img-responsive aligncenter size-full wp-image-563 novosti_slika\" src=\"\/wp-content\/uploads\/2019\/04\/folije-za-ispravljanje-zuba-1.jpg\" alt=\"\"><\/a>&nbsp;<\/p>\n<div class=\"inner_listanje_tekst\">\n<h3><a href=\"\/dental-braces\/clear-aligners\/?lang=en\">Clear aligners<\/a><\/h3>\n<div class=\"inner_opis\">\n<p>Clear aligners are the latest in treatment of minor irregularities in bite and teeth alignment. They are a very thin, completely transparent cover made of plastic and worn on one or both jaws during night and most of the day. During the course of treatment, a patient will change a few sets of aligners. Each set edges teeth a bit closer to the desired position, and, depending on the complexity of a case, the number of sets will vary, along with the cost.<\/p>\n<\/div>\n<p><a class=\"novosti_saznaj_vise\" href=\"\/dental-braces\/clear-aligners\/?lang=en\">Saznaj vi\u0161e &nbsp;&nbsp;<img decoding=\"async\" src=\"\/wp-content\/themes\/ordinacijacvejanovic\/img\/rec_strelica2.png\"><\/a><\/p>\n<\/div>\n<\/div>\n<\/div>\n<div class=\"col-xs-12 col-md-3\">\n<div class=\"inner_box_listanje\"><a href=\"\/dental-braces\/types-of-braces\/?lang=en\"><img decoding=\"async\" class=\"img-responsive aligncenter size-full wp-image-563 novosti_slika\" src=\"\/wp-content\/uploads\/2019\/04\/tipovi-proteza-1.jpg\" alt=\"\"><\/a>&nbsp;<\/p>\n<div class=\"inner_listanje_tekst\">\n<h3><a href=\"\/dental-braces\/types-of-braces\/?lang=en\">Types of braces<\/a><\/h3>\n<div class=\"inner_opis\">\n<p>The branch of dentistry dealing with straightening of misaligned teeth and jaws is called dentofacial orthopedics, and the basic means to achieve the correct teeth alignment is dental braces, or fixed orthodontic appliance. Aside from braces, which we will discuss here, there are two other treatment tools \u2013 mobile appliances (retainers), which are intended for younger children, and clear aligners, intended for grownups and all those who do now wish to wear fixed braces.<\/p>\n<\/div>\n<p><a class=\"novosti_saznaj_vise\" href=\"\/dental-braces\/types-of-braces\/?lang=en\">Saznaj vi\u0161e &nbsp;&nbsp;<img decoding=\"async\" src=\"\/wp-content\/themes\/ordinacijacvejanovic\/img\/rec_strelica2.png\"><\/a><\/p>\n<\/div>\n<\/div>\n<\/div>\n<div class=\"clearfix\">&nbsp;<\/div>\n<div style='text-align:center' class='yasr-auto-insert-visitor'><\/div>","protected":false},"excerpt":{"rendered":"<p>&nbsp; Who are dental braces good for? Dental braces treatment is the most effective procedure found in dentistry, since it enables you to radically improve the condition of your teeth at a relatively low cost, but with a little bit of effort required. Braces are intended for both younger and older people, and they may [&hellip;]<\/p>\n","protected":false},"author":19,"featured_media":0,"parent":0,"menu_order":26,"comment_status":"closed","ping_status":"open","template":"unutrasnje_stranice_sidebarless_listanje.php","meta":{"_acf_changed":false,"yasr_overall_rating":0,"yasr_post_is_review":"","yasr_auto_insert_disabled":"","yasr_review_type":"","footnotes":""},"class_list":["post-1891","page","type-page","status-publish","hentry"],"acf":[],"yoast_head":"<!-- This site is optimized with the Yoast SEO plugin v24.3 - https:\/\/yoast.com\/wordpress\/plugins\/seo\/ -->\n<title>Braces - Ordinacija Cvejanovic<\/title>\n<meta name=\"robots\" content=\"index, follow, max-snippet:-1, max-image-preview:large, max-video-preview:-1\" \/>\n<link rel=\"canonical\" href=\"https:\/\/ordinacijacvejanovic.com\/en\/dental-braces\/\" \/>\n<meta property=\"og:locale\" content=\"en_US\" \/>\n<meta property=\"og:type\" content=\"article\" \/>\n<meta property=\"og:title\" content=\"Braces - Ordinacija Cvejanovic\" \/>\n<meta property=\"og:description\" content=\"&nbsp; Who are dental braces good for? Dental braces treatment is the most effective procedure found in dentistry, since it enables you to radically improve the condition of your teeth at a relatively low cost, but with a little bit of effort required. Braces are intended for both younger and older people, and they may [&hellip;]\" \/>\n<meta property=\"og:url\" content=\"https:\/\/ordinacijacvejanovic.com\/en\/dental-braces\/\" \/>\n<meta property=\"og:site_name\" content=\"Ordinacija Cvejanovic\" \/>\n<meta property=\"article:modified_time\" content=\"2020-01-23T11:17:26+00:00\" \/>\n<meta property=\"og:image\" content=\"https:\/\/ordinacijacvejanovic.com\/wp-content\/themes\/ordinacijacvejanovic\/img\/rec_strelica2.png\" \/>\n<meta name=\"twitter:label1\" content=\"Est. reading time\" \/>\n\t<meta name=\"twitter:data1\" content=\"1 minute\" \/>\n<script type=\"application\/ld+json\" class=\"yoast-schema-graph\">{\"@context\":\"https:\/\/schema.org\",\"@graph\":[{\"@type\":\"WebPage\",\"@id\":\"https:\/\/ordinacijacvejanovic.com\/en\/dental-braces\/\",\"url\":\"https:\/\/ordinacijacvejanovic.com\/en\/dental-braces\/\",\"name\":\"Braces - Ordinacija Cvejanovic\",\"isPartOf\":{\"@id\":\"https:\/\/ordinacijacvejanovic.com\/#website\"},\"datePublished\":\"2015-01-15T15:08:38+00:00\",\"dateModified\":\"2020-01-23T11:17:26+00:00\",\"breadcrumb\":{\"@id\":\"https:\/\/ordinacijacvejanovic.com\/en\/dental-braces\/#breadcrumb\"},\"inLanguage\":\"en-US\",\"potentialAction\":[{\"@type\":\"ReadAction\",\"target\":[\"https:\/\/ordinacijacvejanovic.com\/en\/dental-braces\/\"]}]},{\"@type\":\"BreadcrumbList\",\"@id\":\"https:\/\/ordinacijacvejanovic.com\/en\/dental-braces\/#breadcrumb\",\"itemListElement\":[{\"@type\":\"ListItem\",\"position\":1,\"name\":\"Naslovna\",\"item\":\"https:\/\/ordinacijacvejanovic.com\/en\/\"},{\"@type\":\"ListItem\",\"position\":2,\"name\":\"Braces\"}]},{\"@type\":\"WebSite\",\"@id\":\"https:\/\/ordinacijacvejanovic.com\/#website\",\"url\":\"https:\/\/ordinacijacvejanovic.com\/\",\"name\":\"Ordinacija Cvejanovic\",\"description\":\"Stomatolo\u0161ka ordinacija Beograd\",\"potentialAction\":[{\"@type\":\"SearchAction\",\"target\":{\"@type\":\"EntryPoint\",\"urlTemplate\":\"https:\/\/ordinacijacvejanovic.com\/?s={search_term_string}\"},\"query-input\":{\"@type\":\"PropertyValueSpecification\",\"valueRequired\":true,\"valueName\":\"search_term_string\"}}],\"inLanguage\":\"en-US\"},false]}<\/script>\n<!-- \/ Yoast SEO plugin. -->","yoast_head_json":{"title":"Braces - Ordinacija Cvejanovic","robots":{"index":"index","follow":"follow","max-snippet":"max-snippet:-1","max-image-preview":"max-image-preview:large","max-video-preview":"max-video-preview:-1"},"canonical":"https:\/\/ordinacijacvejanovic.com\/en\/dental-braces\/","og_locale":"en_US","og_type":"article","og_title":"Braces - Ordinacija Cvejanovic","og_description":"&nbsp; Who are dental braces good for? Dental braces treatment is the most effective procedure found in dentistry, since it enables you to radically improve the condition of your teeth at a relatively low cost, but with a little bit of effort required. Braces are intended for both younger and older people, and they may [&hellip;]","og_url":"https:\/\/ordinacijacvejanovic.com\/en\/dental-braces\/","og_site_name":"Ordinacija Cvejanovic","article_modified_time":"2020-01-23T11:17:26+00:00","og_image":[{"url":"https:\/\/ordinacijacvejanovic.com\/wp-content\/themes\/ordinacijacvejanovic\/img\/rec_strelica2.png","type":"","width":"","height":""}],"twitter_misc":{"Est. reading time":"1 minute"},"schema":{"@context":"https:\/\/schema.org","@graph":[{"@type":"WebPage","@id":"https:\/\/ordinacijacvejanovic.com\/en\/dental-braces\/","url":"https:\/\/ordinacijacvejanovic.com\/en\/dental-braces\/","name":"Braces - Ordinacija Cvejanovic","isPartOf":{"@id":"https:\/\/ordinacijacvejanovic.com\/#website"},"datePublished":"2015-01-15T15:08:38+00:00","dateModified":"2020-01-23T11:17:26+00:00","breadcrumb":{"@id":"https:\/\/ordinacijacvejanovic.com\/en\/dental-braces\/#breadcrumb"},"inLanguage":"en-US","potentialAction":[{"@type":"ReadAction","target":["https:\/\/ordinacijacvejanovic.com\/en\/dental-braces\/"]}]},{"@type":"BreadcrumbList","@id":"https:\/\/ordinacijacvejanovic.com\/en\/dental-braces\/#breadcrumb","itemListElement":[{"@type":"ListItem","position":1,"name":"Naslovna","item":"https:\/\/ordinacijacvejanovic.com\/en\/"},{"@type":"ListItem","position":2,"name":"Braces"}]},{"@type":"WebSite","@id":"https:\/\/ordinacijacvejanovic.com\/#website","url":"https:\/\/ordinacijacvejanovic.com\/","name":"Ordinacija Cvejanovic","description":"Stomatolo\u0161ka ordinacija Beograd","potentialAction":[{"@type":"SearchAction","target":{"@type":"EntryPoint","urlTemplate":"https:\/\/ordinacijacvejanovic.com\/?s={search_term_string}"},"query-input":{"@type":"PropertyValueSpecification","valueRequired":true,"valueName":"search_term_string"}}],"inLanguage":"en-US"},false]}},"yasr_visitor_votes":{"stars_attributes":{"read_only":false,"span_bottom":false},"number_of_votes":18,"sum_votes":63},"_links":{"self":[{"href":"https:\/\/ordinacijacvejanovic.com\/en\/wp-json\/wp\/v2\/pages\/1891","targetHints":{"allow":["GET"]}}],"collection":[{"href":"https:\/\/ordinacijacvejanovic.com\/en\/wp-json\/wp\/v2\/pages"}],"about":[{"href":"https:\/\/ordinacijacvejanovic.com\/en\/wp-json\/wp\/v2\/types\/page"}],"author":[{"embeddable":true,"href":"https:\/\/ordinacijacvejanovic.com\/en\/wp-json\/wp\/v2\/users\/19"}],"replies":[{"embeddable":true,"href":"https:\/\/ordinacijacvejanovic.com\/en\/wp-json\/wp\/v2\/comments?post=1891"}],"version-history":[{"count":16,"href":"https:\/\/ordinacijacvejanovic.com\/en\/wp-json\/wp\/v2\/pages\/1891\/revisions"}],"predecessor-version":[{"id":9766,"href":"https:\/\/ordinacijacvejanovic.com\/en\/wp-json\/wp\/v2\/pages\/1891\/revisions\/9766"}],"wp:attachment":[{"href":"https:\/\/ordinacijacvejanovic.com\/en\/wp-json\/wp\/v2\/media?parent=1891"}],"curies":[{"name":"wp","href":"https:\/\/api.w.org\/{rel}","templated":true}]}}