{"id":2865,"date":"2015-07-15T13:45:13","date_gmt":"2015-07-15T13:45:13","guid":{"rendered":"http:\/\/ordinacijacvejanovic.com\/?page_id=2865"},"modified":"2020-03-04T07:36:12","modified_gmt":"2020-03-04T07:36:12","slug":"dental-treatment","status":"publish","type":"page","link":"https:\/\/ordinacijacvejanovic.com\/en\/dental-treatment\/","title":{"rendered":"Dental treatment"},"content":{"rendered":"\n<!--<div class=\"col-xs-12\">\n<div class=\"white-box\">\n<div id=\"section\">\n<div class=\"article\">\n<p style=\"padding-top: 15px;\">Ordinacija Cvejanovi\u0107 obavlja sve vrste stomatolo\u0161kih zahvata, a budu\u0107i da to uklju\u010duje preko 30 razli\u010ditih procedura i terapija, sve usluge nisu nu\u017eno opisane na sajtu. Trudi\u0107emo se vremenom dodatno obogatimo sadr\u017eaj sajta \u0161to ve\u0107im brojem usluga koje pru\u017eamo, posebno kada je re\u010d o zahvatima za koje postoji interesovanje me\u0111u pacijentima.<\/p>\n<div class=\"moretext\">\n<p>U ovoj sekciji mo\u017eete se informisati o uslugama kao \u0161to su proteze na drikere, plombe, beljenje zuba, nadoknada kosti, sinus lift, de\u010dija stomatologija, kao i o stanjima zbog kojih je potrebno potra\u017eiti pomo\u0107 zubara, kao \u0161to je parodontoza. Ne propustite da posetite i na\u0161 blog, jer je on jo\u0161 jedan odli\u010dan izvor dodatnih informacija.<\/p>\n<p><a class=\"novosti_saznaj_vise vise-1\" style=\"margin-bottom: 5px; display: inline-block;\" href=\"\/primeri-ugradnje-zuba-slike-pre-i-posle-operacije\">Pogledajte na\u0161e radove &nbsp;&nbsp;<img decoding=\"async\" src=\"\/wp-content\/themes\/ordinacijacvejanovic\/img\/rec_strelica2.png\"><\/a><\/p>\n<\/div>\n<\/div>\n<div class=\"plus-full\"><a class=\"moreless-button\" href=\"#\">+<\/a><\/div>\n<\/div>\n<\/div>\n<\/div>-->\n<div class=\"col-xs-12 col-md-3\">\n<div class=\"inner_box_listanje\"><a href=\"\/dental-treatment\/fillings\/?lang=en\"><img decoding=\"async\" class=\"img-responsive aligncenter size-full wp-image-563 novosti_slika\" src=\"\/wp-content\/uploads\/2019\/04\/plombe-1.jpg\" alt=\"\"><\/a>\n<div class=\"inner_listanje_tekst\">\n<h3><a href=\"\/dental-treatment\/fillings\/?lang=en\">Fillings<\/a><\/h3>\n<div class=\"inner_opis\">\n<p>Placement of dental fillings is one of the most common and routine procedures at any dentist\u2019s office. Fillings are most often applied when patients do not visit their dentist often, which gives the caries time to wreak havoc. However, if a patient has visited before caries had a chance to spread throughout a tooth, by applying composite or ceramic fillings it is possible to restore the complete structural vitality to that tooth, as well as to achieve the appearance of a healthy tooth, even to the slightest detail.<\/p>\n<\/div>\n<p><a class=\"novosti_saznaj_vise\" href=\"\/dental-treatment\/fillings\/?lang=en\">Find out more &nbsp;&nbsp;<img decoding=\"async\" src=\"\/wp-content\/themes\/ordinacijacvejanovic\/img\/rec_strelica2.png\"><\/a><\/p>\n<\/div>\n<\/div>\n<\/div>\n<div class=\"col-xs-12 col-md-3\">\n<div class=\"inner_box_listanje\"><a href=\"\/dental-treatment\/periodontitis-periodontal-disease\/?lang=en\"><img decoding=\"async\" class=\"img-responsive aligncenter size-full wp-image-563 novosti_slika\" src=\"\/wp-content\/uploads\/2019\/04\/parandopatija-1.jpg\" alt=\"\"><\/a>\n<div class=\"inner_listanje_tekst\">\n<h3><a href=\"\/dental-treatment\/periodontitis-periodontal-disease\/?lang=en\">Periodontitis \u2013 Gum disease<\/a><\/h3>\n<div class=\"inner_opis\"><p>Does your gum bleed when you brush teeth? Are you prone to gum bleeding even when minimal irritation is applied (a strong bite, toothpick etc)? Do you feel a dull, vague pain around your teeth? Have your teeth shifted in the past few years, either towards the front or laterally, broadening the gap?<\/p><\/div>\n<p><a class=\"novosti_saznaj_vise\" href=\"\/dental-treatment\/periodontitis-periodontal-disease\/?lang=en\">Find out more &nbsp;&nbsp;<img decoding=\"async\" src=\"\/wp-content\/themes\/ordinacijacvejanovic\/img\/rec_strelica2.png\"><\/a><\/p>\n<\/div>\n<\/div>\n<\/div>\n<div class=\"col-xs-12 col-md-3\">\n<div class=\"inner_box_listanje\"><a href=\"\/dental-treatment\/teeth-whitening\/?lang=en\"><img decoding=\"async\" class=\"img-responsive aligncenter size-full wp-image-563 novosti_slika\" src=\"\/wp-content\/uploads\/2019\/04\/beljenje-zuba-1.jpeg\" alt=\"\"><\/a>\n<div class=\"inner_listanje_tekst\">\n<h3><a href=\"\/dental-treatment\/teeth-whitening\/?lang=en\">Teeth whitening<\/a><\/h3>\n<div class=\"inner_opis\"><p>Teeth whitening is one of the most common dentistry procedures today, and it is increasingly in demand. The reason patients go for it is mostly due to the looks. It is often that patients wish to whiten their teeth in order to adjust the colour between their natural teeth and crowns or veneers placed, but this procedure is also done on completely, or mostly healthy teeth.<\/p><\/div>\n<p><a class=\"novosti_saznaj_vise\" href=\"\/dental-treatment\/teeth-whitening\/?lang=en\">Find out more &nbsp;&nbsp;<img decoding=\"async\" src=\"\/wp-content\/themes\/ordinacijacvejanovic\/img\/rec_strelica2.png\"><\/a><\/p>\n<\/div>\n<\/div>\n<\/div>\n<div class=\"col-xs-12 col-md-3\">\n<div class=\"inner_box_listanje\">\n<a href=\"\/dental-treatment\/implant-retained-denture\/?lang=en\"><img decoding=\"async\" class=\"img-responsive aligncenter size-full wp-image-563 novosti_slika\" src=\"\/wp-content\/uploads\/2019\/04\/proteze-na-drikere-1.jpg\">\n<\/a>\n<div class=\"inner_listanje_tekst\">\n<h3><a href=\"\/dental-treatment\/implant-retained-denture\/?lang=en\">Implant retained denture<\/a><\/h3>\n<div class=\"inner_opis\"><p>Dental denture that is fixed onto implants is called implant retained denture or clip-on denture, sometimes also called ball-retained denture. This type of restoration involves placing three or four implants per jaw and then later clipping a dental denture onto them.<\/p><\/div>\n<p><a class=\"novosti_saznaj_vise\" href=\"\/dental-treatment\/implant-retained-denture\/?lang=en\">Find out more &nbsp;&nbsp;<img decoding=\"async\" src=\"\/wp-content\/themes\/ordinacijacvejanovic\/img\/rec_strelica2.png\"><\/a><\/p>\n<\/div>\n<\/div>\n<\/div>\n<div class=\"col-xs-12 col-md-3\">\n<div class=\"inner_box_listanje\">\n<a href=\"\/dental-treatment\/digital-smile-design\/?lang=en\"><img decoding=\"async\" class=\"img-responsive aligncenter size-full wp-image-563 novosti_slika\" src=\"\/wp-content\/uploads\/2020\/01\/digital-1.jpg\">\n<\/a>\n<div class=\"inner_listanje_tekst\">\n<h3><a href=\"\/dental-treatment\/digital-smile-design\/?lang=en\">Digital smile design<\/a><\/h3>\n<div class=\"inner_opis\"><p>Dental denture that is fixed onto implants is called implant retained denture or clip-on denture, sometimes also called ball-retained denture. This type of restoration involves placing three or four implants per jaw and then later clipping a dental denture onto them.<\/p><\/div>\n<p><a class=\"novosti_saznaj_vise\" href=\"\/dental-treatment\/digital-smile-design\/?lang=en\">Find out more &nbsp;&nbsp;<img decoding=\"async\" src=\"\/wp-content\/themes\/ordinacijacvejanovic\/img\/rec_strelica2.png\"><\/a><\/p>\n<\/div>\n<\/div>\n<\/div>\n<div class=\"clearfix\">&nbsp;<\/div><div class=\"videos\">\n<div class=\"col-xs-12\">\n<h3 style=\"margin-top: 5px; padding: 10px; margin-bottom: 2px; background: #007097; color: #fff;\">Other services our works<\/h3>\n<\/div>\n<div class=\"col-md-3\"><iframe loading=\"lazy\" src=\"https:\/\/www.youtube.com\/embed\/Kz18ZFI33iM?list=PLE-9ZCOkssY3SYflbexDJ__FCeazubBjc\" width=\"100%\" height=\"100%\" frameborder=\"0\" allowfullscreen=\"allowfullscreen\"><\/iframe>\n<div class=\"galery-box\">\n<h4>Computer-guided implantology<\/h4>\n<\/div>\n<\/div>\n<div class=\"col-md-3\">\n<p><iframe loading=\"lazy\" src=\"https:\/\/www.youtube.com\/embed\/ml9HJwbm1TU?list=PLE-9ZCOkssY3SYflbexDJ__FCeazubBjc\" width=\"100%\" height=\"100%\" frameborder=\"0\" allowfullscreen=\"allowfullscreen\"><\/iframe><\/p>\n<div class=\"galery-box\">\n<h4>Clip-on dentures<\/h4>\n<\/div>\n<\/div>\n<div class=\"col-md-3\">\n<p><iframe loading=\"lazy\" src=\"https:\/\/www.youtube.com\/embed\/L_utTU9oyEQ?list=PLE-9ZCOkssY3SYflbexDJ__FCeazubBjc\" width=\"100%\" height=\"100%\" frameborder=\"0\" allowfullscreen=\"allowfullscreen\"><\/iframe><\/p>\n<div class=\"galery-box\">\n<h4>Denture prosthesis &#8211; a case of bone deficiency<\/h4>\n<\/div>\n<\/div>\n<div class=\"col-md-3\">\n<p><iframe loading=\"lazy\" src=\"https:\/\/www.youtube.com\/embed\/QfiM9A67fbA?list=PLE-9ZCOkssY3SYflbexDJ__FCeazubBjc\" width=\"100%\" height=\"100%\" frameborder=\"0\" allowfullscreen=\"allowfullscreen\"><\/iframe><\/p>\n<div class=\"galery-box\">\n<h4>Denture prosthesis for both forks<\/h4>\n<\/div>\n<\/div>\n<div class=\"all-videos\"><a href=\"\/our-video-gallery\/?lang=en\">All videos<\/a><\/div>\n<div class=\"clearfix\">&nbsp;<\/div>\n<\/div>\n<div style='text-align:center' class='yasr-auto-insert-visitor'><\/div>","protected":false},"excerpt":{"rendered":"<p>Fillings Placement of dental fillings is one of the most common and routine procedures at any dentist\u2019s office. Fillings are most often applied when patients do not visit their dentist often, which gives the caries time to wreak havoc. However, if a patient has visited before caries had a chance to spread throughout a tooth, [&hellip;]<\/p>\n","protected":false},"author":13,"featured_media":0,"parent":0,"menu_order":0,"comment_status":"open","ping_status":"closed","template":"unutrasnje_stranice_sidebarless_listanje.php","meta":{"_acf_changed":false,"yasr_overall_rating":0,"yasr_post_is_review":"","yasr_auto_insert_disabled":"","yasr_review_type":"","footnotes":""},"class_list":["post-2865","page","type-page","status-publish","hentry"],"acf":[],"yoast_head":"<!-- This site is optimized with the Yoast SEO plugin v24.3 - https:\/\/yoast.com\/wordpress\/plugins\/seo\/ -->\n<title>Dental treatment - Ordinacija Cvejanovic<\/title>\n<meta name=\"robots\" content=\"index, follow, max-snippet:-1, max-image-preview:large, max-video-preview:-1\" \/>\n<link rel=\"canonical\" href=\"https:\/\/ordinacijacvejanovic.com\/en\/dental-treatment\/\" \/>\n<meta property=\"og:locale\" content=\"en_US\" \/>\n<meta property=\"og:type\" content=\"article\" \/>\n<meta property=\"og:title\" content=\"Dental treatment - Ordinacija Cvejanovic\" \/>\n<meta property=\"og:description\" content=\"Fillings Placement of dental fillings is one of the most common and routine procedures at any dentist\u2019s office. Fillings are most often applied when patients do not visit their dentist often, which gives the caries time to wreak havoc. However, if a patient has visited before caries had a chance to spread throughout a tooth, [&hellip;]\" \/>\n<meta property=\"og:url\" content=\"https:\/\/ordinacijacvejanovic.com\/en\/dental-treatment\/\" \/>\n<meta property=\"og:site_name\" content=\"Ordinacija Cvejanovic\" \/>\n<meta property=\"article:modified_time\" content=\"2020-03-04T07:36:12+00:00\" \/>\n<meta property=\"og:image\" content=\"https:\/\/ordinacijacvejanovic.com\/wp-content\/themes\/ordinacijacvejanovic\/img\/rec_strelica2.png\" \/>\n<meta name=\"twitter:label1\" content=\"Est. reading time\" \/>\n\t<meta name=\"twitter:data1\" content=\"2 minutes\" \/>\n<script type=\"application\/ld+json\" class=\"yoast-schema-graph\">{\"@context\":\"https:\/\/schema.org\",\"@graph\":[{\"@type\":\"WebPage\",\"@id\":\"https:\/\/ordinacijacvejanovic.com\/en\/dental-treatment\/\",\"url\":\"https:\/\/ordinacijacvejanovic.com\/en\/dental-treatment\/\",\"name\":\"Dental treatment - Ordinacija Cvejanovic\",\"isPartOf\":{\"@id\":\"https:\/\/ordinacijacvejanovic.com\/#website\"},\"datePublished\":\"2015-07-15T13:45:13+00:00\",\"dateModified\":\"2020-03-04T07:36:12+00:00\",\"breadcrumb\":{\"@id\":\"https:\/\/ordinacijacvejanovic.com\/en\/dental-treatment\/#breadcrumb\"},\"inLanguage\":\"en-US\",\"potentialAction\":[{\"@type\":\"ReadAction\",\"target\":[\"https:\/\/ordinacijacvejanovic.com\/en\/dental-treatment\/\"]}]},{\"@type\":\"BreadcrumbList\",\"@id\":\"https:\/\/ordinacijacvejanovic.com\/en\/dental-treatment\/#breadcrumb\",\"itemListElement\":[{\"@type\":\"ListItem\",\"position\":1,\"name\":\"Naslovna\",\"item\":\"https:\/\/ordinacijacvejanovic.com\/en\/\"},{\"@type\":\"ListItem\",\"position\":2,\"name\":\"Dental treatment\"}]},{\"@type\":\"WebSite\",\"@id\":\"https:\/\/ordinacijacvejanovic.com\/#website\",\"url\":\"https:\/\/ordinacijacvejanovic.com\/\",\"name\":\"Ordinacija Cvejanovic\",\"description\":\"Stomatolo\u0161ka ordinacija Beograd\",\"potentialAction\":[{\"@type\":\"SearchAction\",\"target\":{\"@type\":\"EntryPoint\",\"urlTemplate\":\"https:\/\/ordinacijacvejanovic.com\/?s={search_term_string}\"},\"query-input\":{\"@type\":\"PropertyValueSpecification\",\"valueRequired\":true,\"valueName\":\"search_term_string\"}}],\"inLanguage\":\"en-US\"},false]}<\/script>\n<!-- \/ Yoast SEO plugin. -->","yoast_head_json":{"title":"Dental treatment - Ordinacija Cvejanovic","robots":{"index":"index","follow":"follow","max-snippet":"max-snippet:-1","max-image-preview":"max-image-preview:large","max-video-preview":"max-video-preview:-1"},"canonical":"https:\/\/ordinacijacvejanovic.com\/en\/dental-treatment\/","og_locale":"en_US","og_type":"article","og_title":"Dental treatment - Ordinacija Cvejanovic","og_description":"Fillings Placement of dental fillings is one of the most common and routine procedures at any dentist\u2019s office. Fillings are most often applied when patients do not visit their dentist often, which gives the caries time to wreak havoc. However, if a patient has visited before caries had a chance to spread throughout a tooth, [&hellip;]","og_url":"https:\/\/ordinacijacvejanovic.com\/en\/dental-treatment\/","og_site_name":"Ordinacija Cvejanovic","article_modified_time":"2020-03-04T07:36:12+00:00","og_image":[{"url":"https:\/\/ordinacijacvejanovic.com\/wp-content\/themes\/ordinacijacvejanovic\/img\/rec_strelica2.png","type":"","width":"","height":""}],"twitter_misc":{"Est. reading time":"2 minutes"},"schema":{"@context":"https:\/\/schema.org","@graph":[{"@type":"WebPage","@id":"https:\/\/ordinacijacvejanovic.com\/en\/dental-treatment\/","url":"https:\/\/ordinacijacvejanovic.com\/en\/dental-treatment\/","name":"Dental treatment - Ordinacija Cvejanovic","isPartOf":{"@id":"https:\/\/ordinacijacvejanovic.com\/#website"},"datePublished":"2015-07-15T13:45:13+00:00","dateModified":"2020-03-04T07:36:12+00:00","breadcrumb":{"@id":"https:\/\/ordinacijacvejanovic.com\/en\/dental-treatment\/#breadcrumb"},"inLanguage":"en-US","potentialAction":[{"@type":"ReadAction","target":["https:\/\/ordinacijacvejanovic.com\/en\/dental-treatment\/"]}]},{"@type":"BreadcrumbList","@id":"https:\/\/ordinacijacvejanovic.com\/en\/dental-treatment\/#breadcrumb","itemListElement":[{"@type":"ListItem","position":1,"name":"Naslovna","item":"https:\/\/ordinacijacvejanovic.com\/en\/"},{"@type":"ListItem","position":2,"name":"Dental treatment"}]},{"@type":"WebSite","@id":"https:\/\/ordinacijacvejanovic.com\/#website","url":"https:\/\/ordinacijacvejanovic.com\/","name":"Ordinacija Cvejanovic","description":"Stomatolo\u0161ka ordinacija Beograd","potentialAction":[{"@type":"SearchAction","target":{"@type":"EntryPoint","urlTemplate":"https:\/\/ordinacijacvejanovic.com\/?s={search_term_string}"},"query-input":{"@type":"PropertyValueSpecification","valueRequired":true,"valueName":"search_term_string"}}],"inLanguage":"en-US"},false]}},"yasr_visitor_votes":{"stars_attributes":{"read_only":false,"span_bottom":false},"number_of_votes":11,"sum_votes":39},"_links":{"self":[{"href":"https:\/\/ordinacijacvejanovic.com\/en\/wp-json\/wp\/v2\/pages\/2865","targetHints":{"allow":["GET"]}}],"collection":[{"href":"https:\/\/ordinacijacvejanovic.com\/en\/wp-json\/wp\/v2\/pages"}],"about":[{"href":"https:\/\/ordinacijacvejanovic.com\/en\/wp-json\/wp\/v2\/types\/page"}],"author":[{"embeddable":true,"href":"https:\/\/ordinacijacvejanovic.com\/en\/wp-json\/wp\/v2\/users\/13"}],"replies":[{"embeddable":true,"href":"https:\/\/ordinacijacvejanovic.com\/en\/wp-json\/wp\/v2\/comments?post=2865"}],"version-history":[{"count":28,"href":"https:\/\/ordinacijacvejanovic.com\/en\/wp-json\/wp\/v2\/pages\/2865\/revisions"}],"predecessor-version":[{"id":10143,"href":"https:\/\/ordinacijacvejanovic.com\/en\/wp-json\/wp\/v2\/pages\/2865\/revisions\/10143"}],"wp:attachment":[{"href":"https:\/\/ordinacijacvejanovic.com\/en\/wp-json\/wp\/v2\/media?parent=2865"}],"curies":[{"name":"wp","href":"https:\/\/api.w.org\/{rel}","templated":true}]}}