{"id":3609,"date":"2015-12-30T13:22:57","date_gmt":"2015-12-30T13:22:57","guid":{"rendered":"http:\/\/ordinacijacvejanovic.com\/?page_id=3609"},"modified":"2020-02-04T08:39:25","modified_gmt":"2020-02-04T08:39:25","slug":"facets","status":"publish","type":"page","link":"https:\/\/ordinacijacvejanovic.com\/en\/facets\/","title":{"rendered":"Facets"},"content":{"rendered":"\n<p><!--\n\n\n<div class=\"col-xs-12\">\n\n\n<div class=\"white-box\">\n\n\n<div id=\"section\">\n\n\n<div class=\"article\">\n\n\n<p style=\"padding-top: 15px;\">Zubne fasete ili viniri (eng. veneers) su tip nadogranje koji se postavlja samo sa prednje strane zuba, za razliku od krunica koje obavijaju ceo zub. Krunice se tako\u0111e mogu postavljati i na implante, dok se fasete postavljaju samo na prirodne zube.<\/p>\n\n\n\n\n\n<div class=\"moretext\">\n\nFasete se koriste u situacijama kada su zubi na broju, zdravi su i relativno su dobro poravnati, ali su neugledni jer su po\u017euteli, okrnjeni ili su nejednake visine. Kerami\u010dke fasete koje se dodaju na zube cementiranjem \u010dine da zubi izgledaju perfektno i da budu potpuno identi\u010dni, pri \u010demu faseta nije samo estetski dodatak, ve\u0107 i oja\u010dava zub i pove\u0107ava njegovu funkcionalnost. U slu\u010daju da zubi nisu poravnati, taj nedostatak otklanja se no\u0161enjem proteze, nakon \u010dega se nose fasete.\n\nZubne su fasete idealan stomatolo\u0161ki zahvat, jer podi\u017eu estetiku bez smanjivanja zubne supstance. Ipak, u realnosti je stanje pacijenata obi\u010dno takvo da su zubima potrebe krunice pre nego fasete, jer da bi zub nosio fasetu on mora imati prognozu da \u0107e biti stabilan i zdrav godinama unapred, dok je za krunice dovoljan zdrav koren i samo deo zubne supstance.\n\nZa fasete se koristi puna keramika, a da bi se faseta aplicirala na zub potrebno je bru\u0161enje manje od 0.5 milimatara. Iako se \u010desto reklamiraju no-prep viniri, istina je da svaka faseta zahteva minimalnu pripremu zuba, \u010desto samo 0.2mm po zubu. Cena zubnih faseta je 220 evra po faseti, \u0161to je ne\u0161to vi\u0161e od cene krunica, ali prednosti fasete nad krunicom su zna\u010dajne, ne samo zbog o\u010duvanja zubne supstance, ve\u0107 i zbog ve\u0107eg komfora i lak\u0161e ugradnje.\n\n<a class=\"novosti_saznaj_vise vise-1\" style=\"margin-bottom: 5px; display: inline-block;\" href=\"\/primeri-ugradnje-zuba-slike-pre-i-posle-operacije\">Pogledajte na\u0161e radove \u00a0<img decoding=\"async\" src=\"\/wp-content\/themes\/ordinacijacvejanovic\/img\/rec_strelica2.png\" \/><\/a><\/div>\n\n\n<\/div>\n\n\n\n\n<div class=\"plus-full\"><a class=\"moreless-button\" href=\"#\">+<\/a><\/div>\n\n\n<\/div>\n\n\n<\/div>\n\n\n<\/div>\n\n\n--><\/p>\n<div class=\"col-xs-12 col-md-3\">\n<div class=\"inner_box_listanje\"><a href=\"\/facets\/no-prep-veneers\/?lang=en\"><img decoding=\"async\" class=\"img-responsive aligncenter size-full wp-image-563 novosti_slika\" src=\"\/wp-content\/uploads\/2018\/12\/sta-su-fasete.jpg\" alt=\"\"><\/a>\n<div class=\"inner_listanje_tekst\">\n<h3><a href=\"\/facets\/no-prep-veneers\/?lang=en\">What are dental veneers?<\/a><\/h3>\n<div class=\"inner_opis\">\n<p>Dental veneers are an appendage to the natural, by and large healthy teeth, in a form of thin plates or flakes that are placed on the front side of the teeth in order to improve teeth\u2019s appearance, and, to a degree, their function. Veneers emerged in the early days of Hollywood as a method actors used to perk up their looks, and, beginning in the 1990s, with the advent of durable composite materials, veneers have become a popular choice for getting rid of different dental imperfections.<\/p>\n<\/div>\n<p><a class=\"novosti_saznaj_vise\" href=\"\/facets\/no-prep-veneers\/?lang=en\">Find out more &nbsp;&nbsp;<img decoding=\"async\" src=\"\/wp-content\/themes\/ordinacijacvejanovic\/img\/rec_strelica2.png\"><\/a><\/p>\n<\/div>\n<\/div>\n<\/div>\n<div class=\"col-xs-12 col-md-3\">\n<div class=\"inner_box_listanje\"><a href=\"\/facets\/types-of-veneers\/?lang=en\"><img decoding=\"async\" class=\"img-responsive aligncenter size-full wp-image-563 novosti_slika\" src=\"\/wp-content\/uploads\/2019\/01\/vrste-faseta.jpg\" alt=\"\"><\/a>\n<div class=\"inner_listanje_tekst\">\n<h3><a href=\"\/facets\/types-of-veneers\/?lang=en\">Types of veneers<\/a><\/h3>\n<div class=\"inner_opis\">\n<p>The materials used to fabricate veneers are composite and ceramic. Composite veneers are esthetically inferior to ceramic veneers, they require more frequent corrections, and are not as long-lasting, but their strong point lies in the fact that they are much easier and far cheaper to fabricate compared to ceramic veneers. On the other hand, ceramic veneers are a perfect solution in every respect if you wish to recreate the natural look of your teeth, and only if, of course, the dentist has given their consent as well.<\/p>\n<\/div>\n<p><a class=\"novosti_saznaj_vise\" href=\"\/facets\/types-of-veneers\/?lang=en\">Find out more &nbsp;&nbsp;<img decoding=\"async\" src=\"\/wp-content\/themes\/ordinacijacvejanovic\/img\/rec_strelica2.png\"><\/a><\/p>\n<\/div>\n<\/div>\n<\/div>\n<div class=\"col-xs-12 col-md-3\">\n<div class=\"inner_box_listanje\"><a href=\"\/facets\/how-are-veneers-placed\/?lang=en\"><img decoding=\"async\" class=\"img-responsive aligncenter size-full wp-image-563 novosti_slika\" src=\"\/wp-content\/uploads\/2019\/03\/ugradnja.jpg\" alt=\"\"><\/a>\n<div class=\"inner_listanje_tekst\">\n<h3><a href=\"\/facets\/how-are-veneers-placed\/?lang=en\">How are veneers placed?<\/a><\/h3>\n<div class=\"inner_opis\">\n<p>Placement of veneers is largely similar to placement of crowns onto healthy teeth. First, a model of the tooth is made by way of impression or a 3D scan, then, the teeth are recontoured, normally not deeper than 0.3 mm per tooth and then a patient gets temporary veneers until permanent ones are fabricated. In case of no-prep veneers or composite veneers, there is no interim period requiring temporary veneers, but the patient gets the final veneers straight away if they are composite, or goes home after taking impressions and then comes for the placement of no-prep veneers once they are done. Veneers are cemented onto teeth (or are applied in layers if composite) and a patient can have fully functioning teeth practically straight after the placement.<\/p>\n<\/div>\n<p><a class=\"novosti_saznaj_vise\" href=\"\/facets\/how-are-veneers-placed\/?lang=en\">Find out more &nbsp;&nbsp;<img decoding=\"async\" src=\"\/wp-content\/themes\/ordinacijacvejanovic\/img\/rec_strelica2.png\"><\/a><\/p>\n<\/div>\n<\/div>\n<\/div>\n<div class=\"clearfix\">&nbsp;<\/div>\n<div class=\"videos\">\n<div class=\"col-xs-12\">\n<h3 style=\"margin-top: 5px; padding: 10px; margin-bottom: 2px; background: #007097; color: #fff;\">Facets are our works<\/h3>\n<\/div>\n<div class=\"col-md-3\"><iframe loading=\"lazy\" src=\"https:\/\/www.youtube.com\/embed\/7sl0LyKtTRw?list=PLE-9ZCOkssY1IS010HVOdp9ZebqGnqhAQ\" width=\"100%\" height=\"100%\" frameborder=\"0\" allowfullscreen=\"allowfullscreen\"><\/iframe>\n<div class=\"galery-box\">\n<h4>Testing of ceramic veneers<\/h4>\n<\/div>\n<\/div>\n<div class=\"col-md-3\">\n<p><iframe loading=\"lazy\" src=\"https:\/\/www.youtube.com\/embed\/mConFmnMKBU?list=PLE-9ZCOkssY1IS010HVOdp9ZebqGnqhAQ\" width=\"100%\" height=\"100%\" frameborder=\"0\" allowfullscreen=\"allowfullscreen\"><\/iframe><\/p>\n<div class=\"galery-box\">\n<h4>Replacement of composite veneers with ceramic ones<\/h4>\n<\/div>\n<\/div>\n<div class=\"col-md-3\">\n<p><iframe loading=\"lazy\" src=\"https:\/\/www.youtube.com\/embed\/9YIaLhPgxOc?list=PLE-9ZCOkssY3vzYyvp7apQSBtSgshWrIy\" width=\"100%\" height=\"100%\" frameborder=\"0\" allowfullscreen=\"allowfullscreen\"><\/iframe><\/p>\n<div class=\"galery-box\">\n<h4>Practice Answers # 1 &#8211; How is total toothlessness treated?<\/h4>\n<\/div>\n<\/div>\n<div class=\"col-md-3\">\n<p><iframe loading=\"lazy\" src=\"https:\/\/www.youtube.com\/embed\/WjqERxX3c8g?list=PLE-9ZCOkssY3fpL5MUnHpVZSCItFA6A06\" width=\"100%\" height=\"100%\" frameborder=\"0\" allowfullscreen=\"allowfullscreen\"><\/iframe><\/p>\n<div class=\"galery-box\">\n<h4>Hygiene around dental implants<\/h4>\n<\/div>\n<\/div>\n<div class=\"all-videos\"><a href=\"\/our-video-gallery\/?lang=en\">All videos<\/a><\/div>\n<div class=\"clearfix\">&nbsp;<\/div>\n<div class=\"col-md-12\">\n<div class=\"white-box\">\n<div class=\"align\">\n<h1 class=\"heder_novosti\">Frequently Asked Questions<\/h1>\n<h4 class=\"price-desktop\">Take a look at ours <a href=\"\/gallery\/?lang=en\">dental implant placement works<\/a> and <a href=\"\/pricelist\/?lang=en\">price list<\/a><\/h4>\n<\/div>\n<div class=\"galerije\">\n<ul class=\"accordion\">\n<ul class=\"accordion\">\n<li><a href=\"#\">1. Am I eligible for placing veneers?<\/a>\n<div class=\"galerija_div\">An ideal candidate to have veneers possesses all natural teeth, meaning they do not have any artificial crowns placed. In case of missing teeth, we have to introduce caps, as well as bridges on teeth adjacent to the ones receiving veneers. It is not possible to place a veneer onto a tooth which has already been contoured (reduced) to receive a crown, and so often in our practice we combine veneers and crowns. Of course, a more detailed examination will tell us if veneers are the right choice for a patient, looking into the condition of oral cavity, especially gums, but also the jaws. If there are any problems, such as sore gums, we first have to treat these before embarking on a veneer procedure.\n<\/div>\n<\/li>\n<li><a href=\"#\">2. How natural do veneers appear?<\/a>\n<div class=\"galerija_div\">Ceramic veneers are the best esthetic solution to enhance your smile. The material used does not differ in appearance from your natural teeth. Additionally, veneers do not enlarge the volume of teeth, and the patient is consulted when choosing the colour shade. Many people fear that their teeth will be too shiny and white after the procedure, but the latest types of veneers are translucent and ensure a more natural look.\n<\/div>\n<\/li>\n<li><a href=\"#\">3. Is veneer placement procedure painful?<\/a>\n<div class=\"galerija_div\">The procedure of placing veneers is the least invasive method to upgrade the colour tone of your teeth, position and shape. Veneers may be ceramic or composite, and the ceramic version is placed after minimally contouring (reducing) your teeth, or even skipping contouring altogether by using no-prep veneers. No-prep veneers are very thin flakes which are cemented onto teeth and this procedure is completely pain-free, with minimum visits to your dentist, which is a major advantage for some. With no-prep veneers you can even avoid the sensitivity to cold and hot inherent in enamel reducing procedures, the only rule being not to drink soft drinks for a few days after the procedure.\n<\/div>\n<\/li>\n<li><a href=\"#\">4. How long does it take to have veneers placed?<\/a>\n<div class=\"galerija_div\">At Cvejanovi\u0107 Clinic, we use the CAD\/CAM approach (computer-aided design and manufacturing) on a CEREC machine which guarantees perfect esthetic results, creating veneers in as little as one hour. Sometimes it is required to enhance a veneer\u2019s colour shade in a ceramic oven which may take a little more time. No-prep veneers require two to three visits to our clinic, and the whole procedure may be over in as little as three days. It all depends, naturally, on how many teeth does a patient wish to treat.<\/p>\n<p>Is it possible to have only a couple of veneers on front teeth?<\/p>\n<p>We can place a veneer on only one tooth, but although you may adjust the colour shade to reflect the neighbouring natural teeth, dentists advise and patients usually opt to place the same number of veneers on both jaws.\n<\/p><\/div>\n<\/li>\n<li><a href=\"#\">5. What is the maximum possible number of teeth to cover with veneers?<\/a>\n<div class=\"galerija_div\">Patients mostly choose to have veneers placed on the visible front teeth, which, depending on the size of your smile, may require 6 or more teeth. It is possible to place a veneer on only one tooth if so desired by the patient, or even on only two, mostly central incisors. The patient has the final say, taking into account the limitations of their own teeth.\n<\/div>\n<\/li>\n<li><a href=\"#\">6. What can I do if my veneer snaps?<\/a>\n<div class=\"galerija_div\">\nIf a veneer chips off, the best thing to do is save the chipped piece if possible and bring it to your dentist. In most cases, a seasoned specialist will be able to repair the damage, and if this cannot be done, then we go about replacing it with a new veneer.\n<\/div>\n<\/ul>\n<\/div>\n<h4 class=\"price-mob\">Take a look at ours <a href=\"\/gallery\/?lang=en\">dental implant placement works<\/a> and <a href=\"\/pricelist\/?lang=en\">price list<\/a><\/h4>\n<\/div>\n<\/div>\n<\/div>\n<div style='text-align:center' class='yasr-auto-insert-visitor'><\/div>","protected":false},"excerpt":{"rendered":"<p>What are dental veneers? Dental veneers are an appendage to the natural, by and large healthy teeth, in a form of thin plates or flakes that are placed on the front side of the teeth in order to improve teeth\u2019s appearance, and, to a degree, their function. Veneers emerged in the early days of Hollywood [&hellip;]<\/p>\n","protected":false},"author":13,"featured_media":0,"parent":0,"menu_order":0,"comment_status":"closed","ping_status":"closed","template":"template-fasete.php","meta":{"_acf_changed":false,"yasr_overall_rating":0,"yasr_post_is_review":"","yasr_auto_insert_disabled":"","yasr_review_type":"","footnotes":""},"class_list":["post-3609","page","type-page","status-publish","hentry"],"acf":[],"yoast_head":"<!-- This site is optimized with the Yoast SEO plugin v24.3 - https:\/\/yoast.com\/wordpress\/plugins\/seo\/ -->\n<title>Facets - Ordinacija Cvejanovic<\/title>\n<meta name=\"robots\" content=\"index, follow, max-snippet:-1, max-image-preview:large, max-video-preview:-1\" \/>\n<link rel=\"canonical\" href=\"https:\/\/ordinacijacvejanovic.com\/en\/facets\/\" \/>\n<meta property=\"og:locale\" content=\"en_US\" \/>\n<meta property=\"og:type\" content=\"article\" \/>\n<meta property=\"og:title\" content=\"Facets - Ordinacija Cvejanovic\" \/>\n<meta property=\"og:description\" content=\"What are dental veneers? Dental veneers are an appendage to the natural, by and large healthy teeth, in a form of thin plates or flakes that are placed on the front side of the teeth in order to improve teeth\u2019s appearance, and, to a degree, their function. Veneers emerged in the early days of Hollywood [&hellip;]\" \/>\n<meta property=\"og:url\" content=\"https:\/\/ordinacijacvejanovic.com\/en\/facets\/\" \/>\n<meta property=\"og:site_name\" content=\"Ordinacija Cvejanovic\" \/>\n<meta property=\"article:modified_time\" content=\"2020-02-04T08:39:25+00:00\" \/>\n<meta property=\"og:image\" content=\"https:\/\/ordinacijacvejanovic.com\/wp-content\/themes\/ordinacijacvejanovic\/img\/rec_strelica2.png\" \/>\n<meta name=\"twitter:label1\" content=\"Est. reading time\" \/>\n\t<meta name=\"twitter:data1\" content=\"5 minutes\" \/>\n<script type=\"application\/ld+json\" class=\"yoast-schema-graph\">{\"@context\":\"https:\/\/schema.org\",\"@graph\":[{\"@type\":\"WebPage\",\"@id\":\"https:\/\/ordinacijacvejanovic.com\/en\/facets\/\",\"url\":\"https:\/\/ordinacijacvejanovic.com\/en\/facets\/\",\"name\":\"Facets - Ordinacija Cvejanovic\",\"isPartOf\":{\"@id\":\"https:\/\/ordinacijacvejanovic.com\/#website\"},\"datePublished\":\"2015-12-30T13:22:57+00:00\",\"dateModified\":\"2020-02-04T08:39:25+00:00\",\"breadcrumb\":{\"@id\":\"https:\/\/ordinacijacvejanovic.com\/en\/facets\/#breadcrumb\"},\"inLanguage\":\"en-US\",\"potentialAction\":[{\"@type\":\"ReadAction\",\"target\":[\"https:\/\/ordinacijacvejanovic.com\/en\/facets\/\"]}]},{\"@type\":\"BreadcrumbList\",\"@id\":\"https:\/\/ordinacijacvejanovic.com\/en\/facets\/#breadcrumb\",\"itemListElement\":[{\"@type\":\"ListItem\",\"position\":1,\"name\":\"Naslovna\",\"item\":\"https:\/\/ordinacijacvejanovic.com\/en\/\"},{\"@type\":\"ListItem\",\"position\":2,\"name\":\"Facets\"}]},{\"@type\":\"WebSite\",\"@id\":\"https:\/\/ordinacijacvejanovic.com\/#website\",\"url\":\"https:\/\/ordinacijacvejanovic.com\/\",\"name\":\"Ordinacija Cvejanovic\",\"description\":\"Stomatolo\u0161ka ordinacija Beograd\",\"potentialAction\":[{\"@type\":\"SearchAction\",\"target\":{\"@type\":\"EntryPoint\",\"urlTemplate\":\"https:\/\/ordinacijacvejanovic.com\/?s={search_term_string}\"},\"query-input\":{\"@type\":\"PropertyValueSpecification\",\"valueRequired\":true,\"valueName\":\"search_term_string\"}}],\"inLanguage\":\"en-US\"},false]}<\/script>\n<!-- \/ Yoast SEO plugin. -->","yoast_head_json":{"title":"Facets - Ordinacija Cvejanovic","robots":{"index":"index","follow":"follow","max-snippet":"max-snippet:-1","max-image-preview":"max-image-preview:large","max-video-preview":"max-video-preview:-1"},"canonical":"https:\/\/ordinacijacvejanovic.com\/en\/facets\/","og_locale":"en_US","og_type":"article","og_title":"Facets - Ordinacija Cvejanovic","og_description":"What are dental veneers? Dental veneers are an appendage to the natural, by and large healthy teeth, in a form of thin plates or flakes that are placed on the front side of the teeth in order to improve teeth\u2019s appearance, and, to a degree, their function. Veneers emerged in the early days of Hollywood [&hellip;]","og_url":"https:\/\/ordinacijacvejanovic.com\/en\/facets\/","og_site_name":"Ordinacija Cvejanovic","article_modified_time":"2020-02-04T08:39:25+00:00","og_image":[{"url":"https:\/\/ordinacijacvejanovic.com\/wp-content\/themes\/ordinacijacvejanovic\/img\/rec_strelica2.png","type":"","width":"","height":""}],"twitter_misc":{"Est. reading time":"5 minutes"},"schema":{"@context":"https:\/\/schema.org","@graph":[{"@type":"WebPage","@id":"https:\/\/ordinacijacvejanovic.com\/en\/facets\/","url":"https:\/\/ordinacijacvejanovic.com\/en\/facets\/","name":"Facets - Ordinacija Cvejanovic","isPartOf":{"@id":"https:\/\/ordinacijacvejanovic.com\/#website"},"datePublished":"2015-12-30T13:22:57+00:00","dateModified":"2020-02-04T08:39:25+00:00","breadcrumb":{"@id":"https:\/\/ordinacijacvejanovic.com\/en\/facets\/#breadcrumb"},"inLanguage":"en-US","potentialAction":[{"@type":"ReadAction","target":["https:\/\/ordinacijacvejanovic.com\/en\/facets\/"]}]},{"@type":"BreadcrumbList","@id":"https:\/\/ordinacijacvejanovic.com\/en\/facets\/#breadcrumb","itemListElement":[{"@type":"ListItem","position":1,"name":"Naslovna","item":"https:\/\/ordinacijacvejanovic.com\/en\/"},{"@type":"ListItem","position":2,"name":"Facets"}]},{"@type":"WebSite","@id":"https:\/\/ordinacijacvejanovic.com\/#website","url":"https:\/\/ordinacijacvejanovic.com\/","name":"Ordinacija Cvejanovic","description":"Stomatolo\u0161ka ordinacija Beograd","potentialAction":[{"@type":"SearchAction","target":{"@type":"EntryPoint","urlTemplate":"https:\/\/ordinacijacvejanovic.com\/?s={search_term_string}"},"query-input":{"@type":"PropertyValueSpecification","valueRequired":true,"valueName":"search_term_string"}}],"inLanguage":"en-US"},false]}},"yasr_visitor_votes":{"stars_attributes":{"read_only":false,"span_bottom":false},"number_of_votes":32,"sum_votes":112},"_links":{"self":[{"href":"https:\/\/ordinacijacvejanovic.com\/en\/wp-json\/wp\/v2\/pages\/3609","targetHints":{"allow":["GET"]}}],"collection":[{"href":"https:\/\/ordinacijacvejanovic.com\/en\/wp-json\/wp\/v2\/pages"}],"about":[{"href":"https:\/\/ordinacijacvejanovic.com\/en\/wp-json\/wp\/v2\/types\/page"}],"author":[{"embeddable":true,"href":"https:\/\/ordinacijacvejanovic.com\/en\/wp-json\/wp\/v2\/users\/13"}],"replies":[{"embeddable":true,"href":"https:\/\/ordinacijacvejanovic.com\/en\/wp-json\/wp\/v2\/comments?post=3609"}],"version-history":[{"count":28,"href":"https:\/\/ordinacijacvejanovic.com\/en\/wp-json\/wp\/v2\/pages\/3609\/revisions"}],"predecessor-version":[{"id":10023,"href":"https:\/\/ordinacijacvejanovic.com\/en\/wp-json\/wp\/v2\/pages\/3609\/revisions\/10023"}],"wp:attachment":[{"href":"https:\/\/ordinacijacvejanovic.com\/en\/wp-json\/wp\/v2\/media?parent=3609"}],"curies":[{"name":"wp","href":"https:\/\/api.w.org\/{rel}","templated":true}]}}