{"id":6727,"date":"2019-01-29T09:18:08","date_gmt":"2019-01-29T09:18:08","guid":{"rendered":"http:\/\/ordinacijacvejanovic.smartweb.rs\/?page_id=6727"},"modified":"2020-12-29T13:06:47","modified_gmt":"2020-12-29T13:06:47","slug":"hollywood-smile-en","status":"publish","type":"page","link":"https:\/\/ordinacijacvejanovic.com\/en\/hollywood-smile-en\/","title":{"rendered":"Hollywood smile"},"content":{"rendered":"\n<!--<div class=\"col-xs-12\">\n<div class=\"white-box\">\n<div id=\"section\">\n<div class=\"article\">\n<p style=\"padding-top: 15px;\">Hollywood smile je totalni preobra\u017eaj osmeha tj. kompletna protetska rekonstrukcija obe vilice kori\u0161\u0107enjem navlaka, faseta, a \u010desto i implanata. Hollywood smile podrazumeva izradu zubnih krunica na svim zubima ili barem na vidljivim zubima gornje i donje vilice, minimalno od petice do petice. Sam naziv Hollywood smile poti\u010de iz SAD i podrazumeva kori\u0161\u0107enje izrazito bele boje za krunice i fasete, odnosno bleach boje.<\/p>\n<div class=\"moretext\">\n<p>Hollywood smile koji se posti\u017ee izradom faseta je najmanje zahtevan i invazivan, te shodno tome i najinteresantniji pacijentima. Fasete se mogu postaviti na zdravim zubima koji su prose\u010dno dobro raspore\u0111eni, i u tom smislu manje neparavilnosti ne predstavljaju prepreku. Najva\u017enije je da su svi bo\u010dni zubi prisutni, jer manjak zuba ili ve\u0107e nepravilnosti zagri\u017eaja i oblika zuba nije mogu\u0107e korigovati fasetama, ve\u0107 je potrebno uklju\u010diti i fiksnu protezu, mostove ili implante, a ponekad i sve pomenute elemente zajedno.<\/p>\n<p>U situacijama kada nedostaju zubi ili delovi zuba, tj. kada su polo\u017eaj, oblik i boja zuba nezadovoljavaju\u0107i, potrebno je u izradu Hollywood smile-a uklju\u010diti i krunice. One se postavljaju preko celog zuba, kao navlake, za razliku od faseta koje se postavljaju samo na prednje povr\u0161ine zuba u vidu ljuspica. Navlake omogu\u0107avaju jednostavnu nadokandu izgubljenih zuba u vidu mostova, \u0161to u slu\u010daju faseta nije mogu\u0107e. Najve\u0107i broj Hollywood smile radova u novije vreme su radovi sa krunicama, eventualno uz uklju\u010divanje do \u010detiri implanta, za bo\u010dne regije u kojima \u010desto pacijentima nedostaje nekoliko zuba. Pre prve reparacije obi\u010dno prolazi najmanje 5 godina, a rad se kasnije odr\u017eava povremenom zamenom dotrajalih krunica.<\/p>\n<p><a class=\"novosti_saznaj_vise vise-1\" style=\"margin-bottom: 5px; display: inline-block;\" href=\"\/primeri-ugradnje-zuba-slike-pre-i-posle-operacije\">Pogledajte na\u0161e radove &nbsp;&nbsp;<img decoding=\"async\" src=\"\/wp-content\/themes\/ordinacijacvejanovic\/img\/rec_strelica2.png\"><\/a><\/p>\n<\/div>\n<\/div>\n<div class=\"plus-full\"><a class=\"moreless-button\" href=\"#\">+<\/a><\/div>\n<\/div>\n<\/div>\n<\/div>\n-->\n<div class=\"col-xs-12 col-md-3\">\n    <div class=\"inner_box_listanje\">\n        <a href=\"\/hollywood-smile-a-guide-for-patients\/?lang=en\"><img decoding=\"async\" class=\"img-responsive aligncenter size-full wp-image-563 novosti_slika\" src=\"\/wp-content\/themes\/ordinacijacvejanovic\/img\/phase-hs-vodic-za-pacijente-listanje-1.jpg\" alt=\"\"><\/a>\n        <div class=\"inner_listanje_tekst\">\n            <h3><a href=\"\/hollywood-smile-a-guide-for-patients\/?lang=en\">Hollywood Smile \u2013 a guide for patients<\/a><\/h3>\n            <div class=\"inner_opis\">\n                <p>You can get a Hollywood smile in as little as 12 days, and during this period you will go through the six stages of the procedure, from the first examination to the placement of the final crowns.\n                <\/p>\n            <\/div>\n            <p><a class=\"novosti_saznaj_vise\" href=\"\/hollywood-smile-a-guide-for-patients\/?lang=en\">Find out more &nbsp;&nbsp;<img decoding=\"async\" src=\"\/wp-content\/themes\/ordinacijacvejanovic\/img\/rec_strelica2.png\"><\/a><\/p>\n        <\/div>\n    <\/div>\n<\/div>\n<div class=\"col-xs-12 col-md-3\">\n    <div class=\"inner_box_listanje\">\n        <a href=\"\/hollywood-smile-en\/what-is-hoolywood-smile\/?lang=en\"><img decoding=\"async\" class=\"img-responsive aligncenter size-full wp-image-563 novosti_slika\" src=\"\/wp-content\/uploads\/2020\/01\/all-velika.jpg\" alt=\"\"><\/a>\n        <div class=\"inner_listanje_tekst\">\n            <h3><a href=\"\/hollywood-smile-en\/what-is-hoolywood-smile\/?lang=en\">What is hoolywood smile<\/a><\/h3>\n            <div class=\"inner_opis\">\n                <p>Hollywood Smile is a total makeover of your smile, i.e. a complete prosthetic reconstruction of both jaws using caps, veneers and, quite often, implants. Hollywood Smile involves placing dental crowns on all teeth, or at least on all visible\n                    teeth in both jaws, which means up to and including premolars. The term comes from the eponymous movie mecca and is used to evoke the brightly bleached teeth of Hollywood celebrities.<\/p>\n            <\/div>\n            <p><a class=\"novosti_saznaj_vise\" href=\"\/hollywood-smile-en\/what-is-hoolywood-smile\/?lang=en\">Find out more &nbsp;&nbsp;<img decoding=\"async\" src=\"\/wp-content\/themes\/ordinacijacvejanovic\/img\/rec_strelica2.png\"><\/a><\/p>\n        <\/div>\n    <\/div>\n<\/div>\n<div class=\"col-xs-12 col-md-3\">\n    <div class=\"inner_box_listanje\">\n        <a href=\"\/hollywood-smile-en\/are-you-candidate-for-hoolywood-smile\/?lang=en\"><img decoding=\"async\" class=\"img-responsive aligncenter size-full wp-image-563 novosti_slika\" src=\"\/wp-content\/uploads\/2018\/12\/kandidat-hooliwood-smile.jpg\" alt=\"\"><\/a>\n        <div class=\"inner_listanje_tekst\">\n            <h3><a href=\"\/hollywood-smile-en\/are-you-candidate-for-hoolywood-smile\/?lang=en\">Are you candidate for hoolywood smile<\/a><\/h3>\n            <div class=\"inner_opis\">\n                <p>Although the final look of the Hollywood Smile procedure is similar for all patients, the way Hollywood Smile is done varies based on whether veneers, crowns, bridges, or implants have been used, which is discussed in detail in the article\n                    about the Hollywood Smile procedure. Almost all patients are potential candidates for the Hollywood Smile, but the requirements that have to be met concerning the condition of teeth and jaws, as well as the readiness to undergo different\n                    types of procedures affect the way that the Hollywood Smile will be achieved.<\/p>\n            <\/div>\n            <p><a class=\"novosti_saznaj_vise\" href=\"\/hollywood-smile-en\/are-you-candidate-for-hoolywood-smile\/?lang=en\">Find out more &nbsp;&nbsp;<img decoding=\"async\" src=\"\/wp-content\/themes\/ordinacijacvejanovic\/img\/rec_strelica2.png\"><\/a><\/p>\n        <\/div>\n    <\/div>\n<\/div>\n<div class=\"col-xs-12 col-md-3\">\n    <div class=\"inner_box_listanje\">\n        <p>\n            <a href=\"\/hollywood-smile-en\/how-to-make-hoolywood-smile\/?lang=en\"><img decoding=\"async\" class=\"img-responsive aligncenter size-full wp-image-567 novosti_slika\" src=\"\/wp-content\/uploads\/2018\/12\/hollywood-smile.jpg\" alt=\"\"><\/a>\n        <\/p>\n        <div class=\"inner_listanje_tekst\">\n            <h3><a href=\"\/hollywood-smile-en\/how-to-make-hoolywood-smile\/?lang=en\">How to make hoolywood smile<\/a><\/h3>\n            <div class=\"inner_opis\">\n                <p>U prethodnom tekstu objasnili smo koje preduslove, kad je re\u010d o stanju zuba, vilice i op\u0161tem zdravstvenom stanju mora da ispuni pacijent koji \u017eeli Hollywood smile. Kao \u0161to smo videli, Hollywood smile procedura primenjiva je prakti\u010dno u\n                    svakom slu\u010daju, samo \u0161to je slo\u017eenost zahvata, kao i koli\u010dina potrebnog materijala nekada ve\u0107a a nekada manja. Sada \u0107emo predstaviti sam tok Hollywood smile procedure, od trenutka kada su se pacijent i lekar usaglasili oko broja krunica\n                    i implanata. Sve ostalo, poput boje krunica ili polo\u017eaja implanata bi\u0107e dogovoreno u prvoj fazi procedure. U ovoj fazi snima se serija profesionalnih fotografija i dogovaraju se oblik, du\u017eina i boja budu\u0107ih zuba shodno \u017eeljama i mogu\u0107nostima\n                    pacijenta. U ovoj fazi postoji opcija i izrade kompletnog DSD protokola, ali u praksi DSD je retko neophodan u celosti, ve\u0107 samo elementi DSD protokola.<\/p>\n            <\/div>\n            <p><a class=\"novosti_saznaj_vise\" href=\"\/hollywood-smile-en\/how-to-make-hoolywood-smile\/?lang=en\">Find out more &nbsp;&nbsp;<img decoding=\"async\" src=\"\/wp-content\/themes\/ordinacijacvejanovic\/img\/rec_strelica2.png\"><\/a><\/p>\n        <\/div>\n    <\/div>\n    <div class=\"clearfix\">&nbsp;<\/div>\n<\/div>\n<div class=\"clearfix\">&nbsp;<\/div>\n<div class=\"videos\">\n    <div class=\"col-xs-12\">\n        <h3 style=\"margin-top: 5px; padding: 10px; margin-bottom: 2px; background: #007097; color: #fff;\">Hollywood smile<\/h3>\n    <\/div>\n    <div class=\"col-md-3\"><iframe loading=\"lazy\" src=\"https:\/\/www.youtube.com\/embed\/KDskRXYOETs?list=PLE-9ZCOkssY0yjmgkZxg9pMJmvTwLoqMr\" width=\"100%\" height=\"100%\" frameborder=\"0\" allowfullscreen=\"allowfullscreen\"><\/iframe>\n        <div class=\"galery-box\">\n            <h4>Hollywood smile, Bleach 2<\/h4>\n        <\/div>\n    <\/div>\n    <div class=\"col-md-3\">\n        <p><iframe loading=\"lazy\" src=\"https:\/\/www.youtube.com\/embed\/tWqq_AW9Y9U?list=PLE-9ZCOkssY0yjmgkZxg9pMJmvTwLoqMr\" width=\"100%\" height=\"100%\" frameborder=\"0\" allowfullscreen=\"allowfullscreen\"><\/iframe><\/p>\n        <div class=\"galery-box\">\n            <h4>Hollywood smile for young patients<\/h4>\n        <\/div>\n    <\/div>\n    <div class=\"col-md-3\">\n        <p><iframe loading=\"lazy\" src=\"https:\/\/www.youtube.com\/embed\/kUSjY41pmgs?list=PLE-9ZCOkssY0yjmgkZxg9pMJmvTwLoqMr\" width=\"100%\" height=\"100%\" frameborder=\"0\" allowfullscreen=\"allowfullscreen\"><\/iframe><\/p>\n        <div class=\"galery-box\">\n            <h4>Gummy smile and gritted teeth, a transformation into a Hollywood smile<\/h4>\n        <\/div>\n    <\/div>\n    <div class=\"col-md-3\">\n        <p><iframe loading=\"lazy\" width=\"100%\" height=\"100%\" src=\"https:\/\/www.youtube.com\/embed\/3xWBmMriwYA?list=PLE-9ZCOkssY0yjmgkZxg9pMJmvTwLoqMr\" frameborder=\"0\" allow=\"accelerometer; autoplay; encrypted-media; gyroscope; picture-in-picture\" allowfullscreen=\"\"><\/iframe><\/p>\n        <div class=\"galery-box\">\n            <h4>Hollywood smile &#8211; a solution for difficult cases as well<\/h4>\n        <\/div>\n    <\/div>\n    <div class=\"all-videos\"><a href=\"\/video-galerija-nasih-radova\/#hollywood-video\">All videos<\/a><\/div>\n    <div class=\"clearfix\">&nbsp;<\/div>\n<\/div>\n<!--<div class=\"col-md-12\">\n    <div class=\"white-box\">\n    <div class=\"align\">\n    <h1 class=\"heder_novosti\">Naj\u010de\u0161\u0107e postavljana pitanja<\/h1>\n    <h4>Pogledajte na\u0161e <a href=\"http:\/\/ordinacijacvejanovic.com\/primeri-ugradnje-zuba-slike-pre-i-posle-operacije\/zubni-implanti-iskustva\/\">radove ugradnje zubnih implanata<\/a> i <a href=\"http:\/\/ordinacijacvejanovic.com\/cenovnik-stomatoloskih-usluga\/\">cenovnik<\/a><\/h4>\n    <\/div>\n    <div class=\"galerije\">\n    <ul class=\"accordion\">\n    <li><a href=\"#\">1. Da li sam ja kandidat za ugradnju zubnih implanata?<\/a>\n    <div class=\"galerija_div\">Ako ste zdrava osoba bez te\u017eih sistemskih i hroni\u010dnih oboljenja i ukoliko rendgenski snimak (3D orotopan) poka\u017ee da imate dovoljno vili\u010dne kosti, bez bojazni se mo\u017eete odlu\u010diti na ugradnju zubnih implanata.<\/div>\n    <\/li>\n    <li><a href=\"#\">2. Da li mogu da ugradim implante ako sam pu\u0161a\u010d?<\/a>\n    <div class=\"galerija_div\">Da, mo\u017eete. Implanti se sa velikim uspehom ugra\u0111uju i kod pu\u0161a\u010da, me\u0111utim, morate znati da postoji ne\u0161to ve\u0107i rizik od odbacivanja implanata.<\/div>\n    <\/li>\n    <li><a href=\"#\">3. Da li postoji starosna granica za ugradnju implanata?<\/a>\n    <div class=\"galerija_div\">Ne, starosna granica za ugradnju implanata ne postoji. Najva\u017enije je op\u0161te zdravstveno stanje pacijenta i odsustvo te\u017eih bolesti i faktora rizika koji kod pacijenata sa naru\u0161enim zdravljem nastaju u starijem \u017eivotnom dobu.<\/div>\n    <\/li>\n    <li><a href=\"#\">4. Da li mo\u017ee do\u0107i do odbacivanja implanata?<\/a>\n    <div class=\"galerija_div\">Odbacivanje zubnih implanata tj. njihovo nevezivanje za kost je veoma retko. Doga\u0111a se u pribli\u017eno 1% slu\u010dajeva, te ako se to dogodi onda se veoma lako na mesto izgubljenog implanta ugra\u0111uje novi, i uglavnom je mogu\u0107e obaviti zamenu veoma brzo po gubitku implanta koji se nije vezao za kost. Svi vode\u0107i proizvo\u0111a\u010di implanata daju do\u017eivotnu garanciju na implant, \u0161to zna\u010di da je i sama zamena besplatna, pored toga \u0161to je brza i jednostavna.<\/div>\n    <\/li>\n    <li><a href=\"#\">5. Koliko dugo traju zubni impalnti?<\/a>\n    <div class=\"galerija_div\">Nakon ugradnje zubnog implanta i njegovog vezivanja za vili\u010dnu kost, implanti bi trebalo da imaju do\u017eivotni vek trajanja. Me\u0111utim, kao i sa zubima koji bi u idealnim uslovima trebalo do\u017eivotno da traju, i sa implantima mo\u017ee do\u0107i do problema. Ako se odr\u017eava dobra higijena oko zubnih implanata i uz redovne kontrole, o\u010dekuje se da \u0107e implant dugoro\u010dno (naj\u010de\u0161\u0107e do\u017eivotno) biti stabilan u vilici. Naravno, va\u017eno je i op\u0161te zdravlje pacijenta. Na primer, de\u0161ava se da u slu\u010daju te\u017ee bolesti propadaju kako zdravi zubi, tako i zubni implanti. Interesantan je podatak da su prvi Nobel Biocare implanti ugra\u0111eni jednom pacijentu daleke 1965. godine trajali sve do smrti pacijenta pre nekoliko godina.<\/div>\n    <\/li>\n    <li><a href=\"#\">6. Da li je sama ugradnja zubnog implanta bolna?<\/a>\n    <div class=\"galerija_div\">Ne, jer se sama procedura ugradnje zubnog implanta uvek radi u lokalnoj anesteziji, ba\u0161 kao i popravka zuba.<\/div>\n    <\/li>\n    <li><a href=\"#\">7. Da li mogu da budem u op\u0161toj anesteziji kada se ugra\u0111uju implanti?<\/a>\n    <div class=\"galerija_div\">To je u principu mogu\u0107e, me\u0111utim mali broj ordinacija opremljen je za op\u0161tu anesteziju. Uglavnom samo bolnice imaju opremu za tu vrstu procedure. U ve\u0107ini stomatolo\u0161kih ordinacija se takvi zahvati po potrebi rade u intravenskoj ili oralnoj sedaciji, uz obavezno davanje lokalne anestezije.<\/div>\n    <\/li>\n    <li><a href=\"#\">8. Koliko traje sama ugradnja zubnog implata?<\/a>\n    <div class=\"galerija_div\">Procedura ugradnje zubnog impalnta traje 15-20 minuta za jedan zubni imlant, odnosno do dva sata za ugradnju osam implanata u vilici. U ovo vreme ura\u010dunato je i davanje anestezije, zatim procedura ugradnje implanta i \u0161ivenje rane.<\/div>\n    <\/li>\n    <li><a href=\"#\">9. Postoje li posebna pravila pona\u0161anja nakon ugradnje zubnih implanata?<\/a>\n    <div class=\"galerija_div\">Nakon ugradnje zubnih implnata pravila pona\u0161anja su ista kao i posle bilo koje druge hirur\u0161ke intervencije: meka i ka\u0161ata hrana, kori\u0161\u0107enje hladnih obloga, izbegavanje fizi\u010dkih napora i vrelih napitaka. Uglavnom se pacijenti \u017eale na same konce, jer oni iritiraju okolna tkiva. Konci moraju biti prisutni, a mi se uvek trudimo da budu maksimalno kratki. Ako konci nemaju dovoljnu du\u017einu oni \u0107e ispasti.<\/div>\n    <\/li>\n    <li><a href=\"#\">10. Koliko mi je impalnata potrebno?<\/a>\n    <div class=\"galerija_div\">Odgovor na ovo pitanje direktno zavisi od broja zuba koje treba nadoknaditi. Primera radi, ako nedostaju tri zuba onda je potrebno ugraditi dva implanta i kasnije izraditi tri krunice.<\/div>\n    <\/li>\n    <li><a href=\"#\">11. Koliko dugo moram \u010dekati na zubnu krunicu?<\/a>\n    <div class=\"galerija_div\">Nakon ugradnje zubnog imaplanta \u010deka se najmanje tri meseca za ugradnju krunice u donju, odnosno \u010detiri meseca za ugradnju krunice u gornju vilicu. Ovo \u010dekanje je potrebno kako bi kost srasla sa implantom i nakon tog perioda mo\u017ee se pristupiti izradi krunice.<\/div>\n    <\/li>\n    <li><a href=\"#\">12. Koliko traje izrada krunica kada se definitivno uverimo da su \u0161rafovi dobro srasli?<\/a>\n    <div class=\"galerija_div\">Procedura izrade krunica traje od tri dana za jednu krunicu do tri nedelje za izradu krunica u obe vilice.<\/div>\n    <\/li>\n    <li><a href=\"#\">13. Na koji nacin se zubna krunica vezuje za implant? <\/a>\n    <div class=\"galerija_div\">Prvo se u zubni implant u\u0161rafi abatment, nakon \u010dega se na tako u\u0161rafljen abatment cementira zubna krunica.Tako\u0111e, postoji opcija da se na Cerec CAM CAD ma\u0161ini izradi zubna krunica koja se lako \u0161rafi i koja se mo\u017ee bez oste\u0107enja skinuti, dok se cemntirana krunica mora ise\u0107i da bi se skinula.<\/div>\n    <\/li>\n    <li><a href=\"#\">14. Da li zubne implante prati neka vrsta garancije?<\/a>\n    <div class=\"galerija_div\">Da. Ve\u0107inu impalntnih sisitema prati garancija i ona je uglavnom do\u017eivotna. U slu\u010daju bilo kakvog problema i ispadanja zubnog implanta besplatno se obezbe\u0111uje novi zubni implant.<\/div>\n    <\/li>\n    <\/ul>\n    <\/div>\n    <\/div>\n    -->\n<div class=\"clearfix\">&nbsp;<\/div>\n<\/div>\n<div style='text-align:center' class='yasr-auto-insert-visitor'><\/div>","protected":false},"excerpt":{"rendered":"<p>Hollywood Smile \u2013 a guide for patients You can get a Hollywood smile in as little as 12 days, and during this period you will go through the six stages of the procedure, from the first examination to the placement of the final crowns. Find out more &nbsp;&nbsp; What is hoolywood smile Hollywood Smile is [&hellip;]<\/p>\n","protected":false},"author":19,"featured_media":0,"parent":0,"menu_order":0,"comment_status":"closed","ping_status":"closed","template":"unutrasnje_stranice_sidebarless_listanje.php","meta":{"_acf_changed":false,"yasr_overall_rating":0,"yasr_post_is_review":"","yasr_auto_insert_disabled":"","yasr_review_type":"","footnotes":""},"class_list":["post-6727","page","type-page","status-publish","hentry"],"acf":[],"yoast_head":"<!-- This site is optimized with the Yoast SEO plugin v24.3 - https:\/\/yoast.com\/wordpress\/plugins\/seo\/ -->\n<title>Hollywood smile - Ordinacija Cvejanovic<\/title>\n<meta name=\"robots\" content=\"index, follow, max-snippet:-1, max-image-preview:large, max-video-preview:-1\" \/>\n<link rel=\"canonical\" href=\"https:\/\/ordinacijacvejanovic.com\/en\/hollywood-smile-en\/\" \/>\n<meta property=\"og:locale\" content=\"en_US\" \/>\n<meta property=\"og:type\" content=\"article\" \/>\n<meta property=\"og:title\" content=\"Hollywood smile - Ordinacija Cvejanovic\" \/>\n<meta property=\"og:description\" content=\"Hollywood Smile \u2013 a guide for patients You can get a Hollywood smile in as little as 12 days, and during this period you will go through the six stages of the procedure, from the first examination to the placement of the final crowns. Find out more &nbsp;&nbsp; What is hoolywood smile Hollywood Smile is [&hellip;]\" \/>\n<meta property=\"og:url\" content=\"https:\/\/ordinacijacvejanovic.com\/en\/hollywood-smile-en\/\" \/>\n<meta property=\"og:site_name\" content=\"Ordinacija Cvejanovic\" \/>\n<meta property=\"article:modified_time\" content=\"2020-12-29T13:06:47+00:00\" \/>\n<meta property=\"og:image\" content=\"https:\/\/ordinacijacvejanovic.com\/wp-content\/themes\/ordinacijacvejanovic\/img\/rec_strelica2.png\" \/>\n<meta name=\"twitter:label1\" content=\"Est. reading time\" \/>\n\t<meta name=\"twitter:data1\" content=\"2 minutes\" \/>\n<script type=\"application\/ld+json\" class=\"yoast-schema-graph\">{\"@context\":\"https:\/\/schema.org\",\"@graph\":[{\"@type\":\"WebPage\",\"@id\":\"https:\/\/ordinacijacvejanovic.com\/en\/hollywood-smile-en\/\",\"url\":\"https:\/\/ordinacijacvejanovic.com\/en\/hollywood-smile-en\/\",\"name\":\"Hollywood smile - Ordinacija Cvejanovic\",\"isPartOf\":{\"@id\":\"https:\/\/ordinacijacvejanovic.com\/#website\"},\"datePublished\":\"2019-01-29T09:18:08+00:00\",\"dateModified\":\"2020-12-29T13:06:47+00:00\",\"breadcrumb\":{\"@id\":\"https:\/\/ordinacijacvejanovic.com\/en\/hollywood-smile-en\/#breadcrumb\"},\"inLanguage\":\"en-US\",\"potentialAction\":[{\"@type\":\"ReadAction\",\"target\":[\"https:\/\/ordinacijacvejanovic.com\/en\/hollywood-smile-en\/\"]}]},{\"@type\":\"BreadcrumbList\",\"@id\":\"https:\/\/ordinacijacvejanovic.com\/en\/hollywood-smile-en\/#breadcrumb\",\"itemListElement\":[{\"@type\":\"ListItem\",\"position\":1,\"name\":\"Naslovna\",\"item\":\"https:\/\/ordinacijacvejanovic.com\/en\/\"},{\"@type\":\"ListItem\",\"position\":2,\"name\":\"Hollywood smile\"}]},{\"@type\":\"WebSite\",\"@id\":\"https:\/\/ordinacijacvejanovic.com\/#website\",\"url\":\"https:\/\/ordinacijacvejanovic.com\/\",\"name\":\"Ordinacija Cvejanovic\",\"description\":\"Stomatolo\u0161ka ordinacija Beograd\",\"potentialAction\":[{\"@type\":\"SearchAction\",\"target\":{\"@type\":\"EntryPoint\",\"urlTemplate\":\"https:\/\/ordinacijacvejanovic.com\/?s={search_term_string}\"},\"query-input\":{\"@type\":\"PropertyValueSpecification\",\"valueRequired\":true,\"valueName\":\"search_term_string\"}}],\"inLanguage\":\"en-US\"},false]}<\/script>\n<!-- \/ Yoast SEO plugin. -->","yoast_head_json":{"title":"Hollywood smile - Ordinacija Cvejanovic","robots":{"index":"index","follow":"follow","max-snippet":"max-snippet:-1","max-image-preview":"max-image-preview:large","max-video-preview":"max-video-preview:-1"},"canonical":"https:\/\/ordinacijacvejanovic.com\/en\/hollywood-smile-en\/","og_locale":"en_US","og_type":"article","og_title":"Hollywood smile - Ordinacija Cvejanovic","og_description":"Hollywood Smile \u2013 a guide for patients You can get a Hollywood smile in as little as 12 days, and during this period you will go through the six stages of the procedure, from the first examination to the placement of the final crowns. Find out more &nbsp;&nbsp; What is hoolywood smile Hollywood Smile is [&hellip;]","og_url":"https:\/\/ordinacijacvejanovic.com\/en\/hollywood-smile-en\/","og_site_name":"Ordinacija Cvejanovic","article_modified_time":"2020-12-29T13:06:47+00:00","og_image":[{"url":"https:\/\/ordinacijacvejanovic.com\/wp-content\/themes\/ordinacijacvejanovic\/img\/rec_strelica2.png","type":"","width":"","height":""}],"twitter_misc":{"Est. reading time":"2 minutes"},"schema":{"@context":"https:\/\/schema.org","@graph":[{"@type":"WebPage","@id":"https:\/\/ordinacijacvejanovic.com\/en\/hollywood-smile-en\/","url":"https:\/\/ordinacijacvejanovic.com\/en\/hollywood-smile-en\/","name":"Hollywood smile - Ordinacija Cvejanovic","isPartOf":{"@id":"https:\/\/ordinacijacvejanovic.com\/#website"},"datePublished":"2019-01-29T09:18:08+00:00","dateModified":"2020-12-29T13:06:47+00:00","breadcrumb":{"@id":"https:\/\/ordinacijacvejanovic.com\/en\/hollywood-smile-en\/#breadcrumb"},"inLanguage":"en-US","potentialAction":[{"@type":"ReadAction","target":["https:\/\/ordinacijacvejanovic.com\/en\/hollywood-smile-en\/"]}]},{"@type":"BreadcrumbList","@id":"https:\/\/ordinacijacvejanovic.com\/en\/hollywood-smile-en\/#breadcrumb","itemListElement":[{"@type":"ListItem","position":1,"name":"Naslovna","item":"https:\/\/ordinacijacvejanovic.com\/en\/"},{"@type":"ListItem","position":2,"name":"Hollywood smile"}]},{"@type":"WebSite","@id":"https:\/\/ordinacijacvejanovic.com\/#website","url":"https:\/\/ordinacijacvejanovic.com\/","name":"Ordinacija Cvejanovic","description":"Stomatolo\u0161ka ordinacija Beograd","potentialAction":[{"@type":"SearchAction","target":{"@type":"EntryPoint","urlTemplate":"https:\/\/ordinacijacvejanovic.com\/?s={search_term_string}"},"query-input":{"@type":"PropertyValueSpecification","valueRequired":true,"valueName":"search_term_string"}}],"inLanguage":"en-US"},false]}},"yasr_visitor_votes":{"stars_attributes":{"read_only":false,"span_bottom":false},"number_of_votes":24,"sum_votes":80},"_links":{"self":[{"href":"https:\/\/ordinacijacvejanovic.com\/en\/wp-json\/wp\/v2\/pages\/6727","targetHints":{"allow":["GET"]}}],"collection":[{"href":"https:\/\/ordinacijacvejanovic.com\/en\/wp-json\/wp\/v2\/pages"}],"about":[{"href":"https:\/\/ordinacijacvejanovic.com\/en\/wp-json\/wp\/v2\/types\/page"}],"author":[{"embeddable":true,"href":"https:\/\/ordinacijacvejanovic.com\/en\/wp-json\/wp\/v2\/users\/19"}],"replies":[{"embeddable":true,"href":"https:\/\/ordinacijacvejanovic.com\/en\/wp-json\/wp\/v2\/comments?post=6727"}],"version-history":[{"count":17,"href":"https:\/\/ordinacijacvejanovic.com\/en\/wp-json\/wp\/v2\/pages\/6727\/revisions"}],"predecessor-version":[{"id":12030,"href":"https:\/\/ordinacijacvejanovic.com\/en\/wp-json\/wp\/v2\/pages\/6727\/revisions\/12030"}],"wp:attachment":[{"href":"https:\/\/ordinacijacvejanovic.com\/en\/wp-json\/wp\/v2\/media?parent=6727"}],"curies":[{"name":"wp","href":"https:\/\/api.w.org\/{rel}","templated":true}]}}