{"id":6745,"date":"2019-01-29T10:53:21","date_gmt":"2019-01-29T10:53:21","guid":{"rendered":"http:\/\/ordinacijacvejanovic.smartweb.rs\/?page_id=6745"},"modified":"2020-01-22T11:46:57","modified_gmt":"2020-01-22T11:46:57","slug":"how-to-make-hoolywood-smile","status":"publish","type":"page","link":"https:\/\/ordinacijacvejanovic.com\/en\/how-to-make-hoolywood-smile\/","title":{"rendered":"How to make hoolywood smile"},"content":{"rendered":"<p style=\"text-align: center;\"><img decoding=\"async\" class=\"img-responsive size-full wp-image-5797 aligncenter\" src=\"\/wp-content\/uploads\/2018\/12\/kako-se-postize-hollywood-smile.jpg\" alt=\"kako se postize holliwood smile\"><\/p>\n<h3>Examination before the Hollywood Smile procedure<\/h3>\n<p class=\"plavi-pasus\">U prethodnom tekstu objasnili smo koje preduslove, kad je re\u010d o stanju zuba, vilice i op\u0161tem zdravstvenom stanju mora da ispuni pacijent koji \u017eeli Hollywood smile. Kao \u0161to smo videli, Hollywood smile procedura primenjiva je prakti\u010dno u svakom slu\u010daju, samo \u0161to je slo\u017eenost zahvata, kao i koli\u010dina potrebnog materijala nekada ve\u0107a a nekada manja. Sada \u0107emo predstaviti sam tok Hollywood smile procedure, od trenutka kada su se pacijent i lekar usaglasili oko broja krunica i implanata. Sve ostalo, poput boje krunica ili polo\u017eaja implanata bi\u0107e dogovoreno u prvoj fazi procedure. U ovoj fazi snima se serija profesionalnih fotografija i dogovaraju se oblik, du\u017eina i boja budu\u0107ih zuba shodno \u017eeljama i mogu\u0107nostima pacijenta. U ovoj fazi postoji opcija i izrade kompletnog DSD protokola, ali u praksi DSD je retko neophodan u celosti, ve\u0107 samo elementi DSD protokola.<\/p>\n<h3>What is the Digital Smile Design (DSD)?<\/h3>\n<p>The process of planning the layout of crowns and veneers using software which can provide a rendition of a perfect outcome before the start of the procedure is called Digital Smile Design. The whole procedure is planned and carried out according to the DSD project, which involves 3D scanning of the jaw and taking photos of the patient\u2019s face so that, using the software, the doctor and the patient can jointly create the final look of the teeth and so that the patient can see what their teeth and smile will look like once the Hollywood Smile procedure is done.<\/p>\n<p style=\"text-align: center;\"><a href=\"\/wp-content\/uploads\/2018\/12\/dsmiledesign.jpg\"><img decoding=\"async\" class=\"img-responsive size-full wp-image-5797\" src=\"\/wp-content\/uploads\/2018\/12\/dsmiledesign.jpg\" alt=\"design\" width=\"100%\"><\/a><\/p>\n<p>Essentially, the DSD method utilizes software which analyzes the shape of the face, the condition of teeth and gums, jaw and mouth proportions, as well as the muscle movement, all of which helps predict the outcome of any proposed dental method and displays the expected final result via videos and 3D models. The visual model is not the only way to present to the patient the final work. DSD also features the possibility of making the model of teeth, the way they will look once the procedure is over.<\/p>\n<p>Another thing to know about the DSD protocol is that it hasn\u2019t yet been developed to the point of being an absolute solution for any situation. There are still some issues regarding the software, the 3D face scanning, rendering of temporary models and their pasting to the final models, i.e. final teeth. That is why we do not completely rely on the DSD protocol, but we use certain segments of it that we know will yield appropriate results.<\/p>\n<h3>Preparation and temporary crowns<\/h3>\n<p>The first day of the procedure is the only difficult one for the patient, since there is a lot of work to cover. If the Hollywood Smile is planned by using crowns and veneers, all the teeth that need recontouring are treated, impressions are taken and temporary crowns are made.<\/p>\n<p><a href=\"\/wp-content\/uploads\/2018\/12\/DSC_0242.jpg\"><img decoding=\"async\" class=\"size-full wp-image-5797\" src=\"\/wp-content\/uploads\/2020\/01\/DSC_0242-new.jpg\" alt=\"implant izgled\" width=\"100%\" height=\"100%\"><\/a><\/p>\n<p>After installing the temporary crowns, there is usually no need for the patient to come to our clinic and can wait to try out their new teeth, which is about 10 days after the teeth drilling. If a patient is from abroad, this period can be prolonged a little, but it is not recommended to wait longer than a month with the temporary teeth on, because they are a temporary plastic substitute.<\/p>\n<p>However, if implants need to be placed, then it becomes a two-stage procedure. The first stage involves placing all the required and agreed on implants. This is done using local anesthesia, but the patient may be sedated if needed. In the afternoon hours the patient goes home. These patients also get temporary substitutes immediately after the implant placement in order to be able to resume their daily routines. A few months after placing the implants, the abovementioned treatment with crowns is done.<\/p>\n<p><iframe loading=\"lazy\" width=\"100%\" height=\"460\" src=\"https:\/\/www.youtube.com\/embed\/7pA9du_k0gs\" frameborder=\"0\" allow=\"accelerometer; autoplay; encrypted-media; gyroscope; picture-in-picture\" allowfullscreen=\"\"><\/iframe><\/p>\n<p>In certain cases, there is a possibility that the dentists and DSD software will both indicate that fixed braces need to be introduced in order to align the teeth before placing crowns or veneers. The Hollywood Smile procedure is then postponed for a year or two, but the silver lining is that this will guarantee a better result. This is commonly the case when a patient wishes for veneers to get the Hollywood Smile, but the teeth are not properly laid out, and, if the braces are refused as a solution, it would involve much more invasive drilling of teeth.<\/p>\n<h3>Trial and the final placement<\/h3>\n<p>Before trying on the ceramic work, a part of the DSD protocol is often used which involves trying on plastic models, or teeth, which are fabricated according to the parameters determined by the dentist and the patient at the first visit. This is done in complex cases in order to simplify and speed up the trial of ceramic work, since it is easier to make corrections to the plastic than to ceramics. Thus corrected plastic models serve as the basis for fabricating the final teeth.<\/p>\n<p style=\"text-align: center;\"><a href=\"\/wp-content\/uploads\/2018\/12\/DSC_0221.jpg\"><img decoding=\"async\" class=\"img-responsive size-full wp-image-5797\" src=\"\/wp-content\/uploads\/2018\/12\/DSC_0221.jpg\" alt=\"design\" width=\"100%\"><\/a><\/p>\n<p class=\"text-center\">Crowns made by the CEREC device at our clinic<\/p>\n<p>Once the crowns have been made, but not finished off, the patient comes to our clinic three days in a row. If a patient was placed with implants, then they have to wait a few months for the implants to integrate with the jaw. The patient first tries the dental crowns which have not been completely polished off. This trial is the most important, because the final corrections can be made at that stage, which can involve recontouring of the ceramic. If adding of material is required in certain spots, it is done at the clinic using composite, which is later copied at the laboratory by adding ceramics. It is desirable that the patient is fully focused at this trial, because all aspects of the new smile, the crown shape and teeth colouring need to be considered while corrections are still possible. This trial is performed using a local anesthetic, so it may be hard for the patient to fully perceive the new caps, but without the anesthetic it is not possible to try on the dental crowns. It is sometimes required that the patient comes for another additional trial, but this is arranged on a case to case basis.<\/p>\n<p style=\"text-align: center;\"><a href=\"\/wp-content\/uploads\/2020\/01\/hsmilezapar.jpg\"><img decoding=\"async\" class=\"img-responsive size-full wp-image-5797\" src=\"\/wp-content\/uploads\/2020\/01\/hsmilezapar.jpg\" alt=\"design\" width=\"100%\"><\/a><\/p>\n<p class=\"text-center\">Hollywood smile, made at the same time for both spouses<\/p>\n<p>The next day, the crowns are delivered with the made corrections, glazed, shiny and ready for cementation. Here, the crowns are temporarily placed so that the patient may give their consent before the final cementing. Once the crowns have been cemented, the procedure is over, with only a checkup left to be done three days later. If needed, the checkup can be postponed for a couple of days. In quite a number of cases, if implants are not included in the treatment plan, the complete Hollywood Smile procedure lasts for as little as 15 days. If, however, implants are required, the procedure will last for four to five months, because of the implant osseointegration which takes three to four months alone.<\/p>\n<p>You can read more about the procedure of placing dental implants in our dental implants article.<\/p>\n<div style='text-align:center' class='yasr-auto-insert-visitor'><\/div>","protected":false},"excerpt":{"rendered":"<p>Examination before the Hollywood Smile procedure U prethodnom tekstu objasnili smo koje preduslove, kad je re\u010d o stanju zuba, vilice i op\u0161tem zdravstvenom stanju mora da ispuni pacijent koji \u017eeli Hollywood smile. Kao \u0161to smo videli, Hollywood smile procedura primenjiva je prakti\u010dno u svakom slu\u010daju, samo \u0161to je slo\u017eenost zahvata, kao i koli\u010dina potrebnog materijala [&hellip;]<\/p>\n","protected":false},"author":19,"featured_media":0,"parent":0,"menu_order":0,"comment_status":"closed","ping_status":"closed","template":"unutrasnje_stranice.php","meta":{"_acf_changed":false,"yasr_overall_rating":0,"yasr_post_is_review":"","yasr_auto_insert_disabled":"","yasr_review_type":"","footnotes":""},"class_list":["post-6745","page","type-page","status-publish","hentry"],"acf":[],"yoast_head":"<!-- This site is optimized with the Yoast SEO plugin v24.3 - https:\/\/yoast.com\/wordpress\/plugins\/seo\/ -->\n<title>How to make hoolywood smile - Ordinacija Cvejanovic<\/title>\n<meta name=\"robots\" content=\"index, follow, max-snippet:-1, max-image-preview:large, max-video-preview:-1\" \/>\n<link rel=\"canonical\" href=\"https:\/\/ordinacijacvejanovic.com\/en\/hollywood-smile-en\/how-to-make-hoolywood-smile\/\" \/>\n<meta property=\"og:locale\" content=\"en_US\" \/>\n<meta property=\"og:type\" content=\"article\" \/>\n<meta property=\"og:title\" content=\"How to make hoolywood smile - Ordinacija Cvejanovic\" \/>\n<meta property=\"og:description\" content=\"Examination before the Hollywood Smile procedure U prethodnom tekstu objasnili smo koje preduslove, kad je re\u010d o stanju zuba, vilice i op\u0161tem zdravstvenom stanju mora da ispuni pacijent koji \u017eeli Hollywood smile. Kao \u0161to smo videli, Hollywood smile procedura primenjiva je prakti\u010dno u svakom slu\u010daju, samo \u0161to je slo\u017eenost zahvata, kao i koli\u010dina potrebnog materijala [&hellip;]\" \/>\n<meta property=\"og:url\" content=\"https:\/\/ordinacijacvejanovic.com\/en\/hollywood-smile-en\/how-to-make-hoolywood-smile\/\" \/>\n<meta property=\"og:site_name\" content=\"Ordinacija Cvejanovic\" \/>\n<meta property=\"article:modified_time\" content=\"2020-01-22T11:46:57+00:00\" \/>\n<meta property=\"og:image\" content=\"https:\/\/ordinacijacvejanovic.com\/wp-content\/uploads\/2018\/12\/kako-se-postize-hollywood-smile.jpg\" \/>\n<meta name=\"twitter:label1\" content=\"Est. reading time\" \/>\n\t<meta name=\"twitter:data1\" content=\"6 minutes\" \/>\n<script type=\"application\/ld+json\" class=\"yoast-schema-graph\">{\"@context\":\"https:\/\/schema.org\",\"@graph\":[{\"@type\":\"WebPage\",\"@id\":\"https:\/\/ordinacijacvejanovic.com\/en\/hollywood-smile-en\/how-to-make-hoolywood-smile\/\",\"url\":\"https:\/\/ordinacijacvejanovic.com\/en\/hollywood-smile-en\/how-to-make-hoolywood-smile\/\",\"name\":\"How to make hoolywood smile - Ordinacija Cvejanovic\",\"isPartOf\":{\"@id\":\"https:\/\/ordinacijacvejanovic.com\/#website\"},\"datePublished\":\"2019-01-29T10:53:21+00:00\",\"dateModified\":\"2020-01-22T11:46:57+00:00\",\"breadcrumb\":{\"@id\":\"https:\/\/ordinacijacvejanovic.com\/en\/hollywood-smile-en\/how-to-make-hoolywood-smile\/#breadcrumb\"},\"inLanguage\":\"en-US\",\"potentialAction\":[{\"@type\":\"ReadAction\",\"target\":[\"https:\/\/ordinacijacvejanovic.com\/en\/hollywood-smile-en\/how-to-make-hoolywood-smile\/\"]}]},{\"@type\":\"BreadcrumbList\",\"@id\":\"https:\/\/ordinacijacvejanovic.com\/en\/hollywood-smile-en\/how-to-make-hoolywood-smile\/#breadcrumb\",\"itemListElement\":[{\"@type\":\"ListItem\",\"position\":1,\"name\":\"Naslovna\",\"item\":\"https:\/\/ordinacijacvejanovic.com\/en\/\"},{\"@type\":\"ListItem\",\"position\":2,\"name\":\"Hollywood smile\",\"item\":\"https:\/\/ordinacijacvejanovic.com\/en\/hollywood-smile-en\/\"},{\"@type\":\"ListItem\",\"position\":3,\"name\":\"How to make hoolywood smile\"}]},{\"@type\":\"WebSite\",\"@id\":\"https:\/\/ordinacijacvejanovic.com\/#website\",\"url\":\"https:\/\/ordinacijacvejanovic.com\/\",\"name\":\"Ordinacija Cvejanovic\",\"description\":\"Stomatolo\u0161ka ordinacija Beograd\",\"potentialAction\":[{\"@type\":\"SearchAction\",\"target\":{\"@type\":\"EntryPoint\",\"urlTemplate\":\"https:\/\/ordinacijacvejanovic.com\/?s={search_term_string}\"},\"query-input\":{\"@type\":\"PropertyValueSpecification\",\"valueRequired\":true,\"valueName\":\"search_term_string\"}}],\"inLanguage\":\"en-US\"},false]}<\/script>\n<!-- \/ Yoast SEO plugin. -->","yoast_head_json":{"title":"How to make hoolywood smile - Ordinacija Cvejanovic","robots":{"index":"index","follow":"follow","max-snippet":"max-snippet:-1","max-image-preview":"max-image-preview:large","max-video-preview":"max-video-preview:-1"},"canonical":"https:\/\/ordinacijacvejanovic.com\/en\/hollywood-smile-en\/how-to-make-hoolywood-smile\/","og_locale":"en_US","og_type":"article","og_title":"How to make hoolywood smile - Ordinacija Cvejanovic","og_description":"Examination before the Hollywood Smile procedure U prethodnom tekstu objasnili smo koje preduslove, kad je re\u010d o stanju zuba, vilice i op\u0161tem zdravstvenom stanju mora da ispuni pacijent koji \u017eeli Hollywood smile. Kao \u0161to smo videli, Hollywood smile procedura primenjiva je prakti\u010dno u svakom slu\u010daju, samo \u0161to je slo\u017eenost zahvata, kao i koli\u010dina potrebnog materijala [&hellip;]","og_url":"https:\/\/ordinacijacvejanovic.com\/en\/hollywood-smile-en\/how-to-make-hoolywood-smile\/","og_site_name":"Ordinacija Cvejanovic","article_modified_time":"2020-01-22T11:46:57+00:00","og_image":[{"url":"https:\/\/ordinacijacvejanovic.com\/wp-content\/uploads\/2018\/12\/kako-se-postize-hollywood-smile.jpg","type":"","width":"","height":""}],"twitter_misc":{"Est. reading time":"6 minutes"},"schema":{"@context":"https:\/\/schema.org","@graph":[{"@type":"WebPage","@id":"https:\/\/ordinacijacvejanovic.com\/en\/hollywood-smile-en\/how-to-make-hoolywood-smile\/","url":"https:\/\/ordinacijacvejanovic.com\/en\/hollywood-smile-en\/how-to-make-hoolywood-smile\/","name":"How to make hoolywood smile - Ordinacija Cvejanovic","isPartOf":{"@id":"https:\/\/ordinacijacvejanovic.com\/#website"},"datePublished":"2019-01-29T10:53:21+00:00","dateModified":"2020-01-22T11:46:57+00:00","breadcrumb":{"@id":"https:\/\/ordinacijacvejanovic.com\/en\/hollywood-smile-en\/how-to-make-hoolywood-smile\/#breadcrumb"},"inLanguage":"en-US","potentialAction":[{"@type":"ReadAction","target":["https:\/\/ordinacijacvejanovic.com\/en\/hollywood-smile-en\/how-to-make-hoolywood-smile\/"]}]},{"@type":"BreadcrumbList","@id":"https:\/\/ordinacijacvejanovic.com\/en\/hollywood-smile-en\/how-to-make-hoolywood-smile\/#breadcrumb","itemListElement":[{"@type":"ListItem","position":1,"name":"Naslovna","item":"https:\/\/ordinacijacvejanovic.com\/en\/"},{"@type":"ListItem","position":2,"name":"Hollywood smile","item":"https:\/\/ordinacijacvejanovic.com\/en\/hollywood-smile-en\/"},{"@type":"ListItem","position":3,"name":"How to make hoolywood smile"}]},{"@type":"WebSite","@id":"https:\/\/ordinacijacvejanovic.com\/#website","url":"https:\/\/ordinacijacvejanovic.com\/","name":"Ordinacija Cvejanovic","description":"Stomatolo\u0161ka ordinacija Beograd","potentialAction":[{"@type":"SearchAction","target":{"@type":"EntryPoint","urlTemplate":"https:\/\/ordinacijacvejanovic.com\/?s={search_term_string}"},"query-input":{"@type":"PropertyValueSpecification","valueRequired":true,"valueName":"search_term_string"}}],"inLanguage":"en-US"},false]}},"yasr_visitor_votes":{"stars_attributes":{"read_only":false,"span_bottom":false},"number_of_votes":14,"sum_votes":51},"_links":{"self":[{"href":"https:\/\/ordinacijacvejanovic.com\/en\/wp-json\/wp\/v2\/pages\/6745","targetHints":{"allow":["GET"]}}],"collection":[{"href":"https:\/\/ordinacijacvejanovic.com\/en\/wp-json\/wp\/v2\/pages"}],"about":[{"href":"https:\/\/ordinacijacvejanovic.com\/en\/wp-json\/wp\/v2\/types\/page"}],"author":[{"embeddable":true,"href":"https:\/\/ordinacijacvejanovic.com\/en\/wp-json\/wp\/v2\/users\/19"}],"replies":[{"embeddable":true,"href":"https:\/\/ordinacijacvejanovic.com\/en\/wp-json\/wp\/v2\/comments?post=6745"}],"version-history":[{"count":7,"href":"https:\/\/ordinacijacvejanovic.com\/en\/wp-json\/wp\/v2\/pages\/6745\/revisions"}],"predecessor-version":[{"id":9542,"href":"https:\/\/ordinacijacvejanovic.com\/en\/wp-json\/wp\/v2\/pages\/6745\/revisions\/9542"}],"wp:attachment":[{"href":"https:\/\/ordinacijacvejanovic.com\/en\/wp-json\/wp\/v2\/media?parent=6745"}],"curies":[{"name":"wp","href":"https:\/\/api.w.org\/{rel}","templated":true}]}}